{"id":84577,"date":"2025-09-03T13:31:00","date_gmt":"2025-09-03T13:31:00","guid":{"rendered":"https:\/\/everythingtrading.com\/?page_id=84577"},"modified":"2026-01-23T11:49:08","modified_gmt":"2026-01-23T11:49:08","slug":"about-us","status":"publish","type":"page","link":"https:\/\/everythingtrading.com\/es\/about-us\/","title":{"rendered":"About Us"},"content":{"rendered":"\t\t<div data-elementor-type=\"wp-page\" data-elementor-id=\"84577\" class=\"elementor elementor-84577 elementor-80972\" data-elementor-post-type=\"page\">\n\t\t\t\t\t\t<section class=\"elementor-section elementor-top-section elementor-element elementor-element-f36e6c4 elementor-section-boxed elementor-section-height-default elementor-section-height-default\" data-id=\"f36e6c4\" data-element_type=\"section\" data-settings=\"{&quot;background_background&quot;:&quot;classic&quot;}\">\n\t\t\t\t\t\t<div class=\"elementor-container elementor-column-gap-default\">\n\t\t\t\t\t<div class=\"elementor-column elementor-col-100 elementor-top-column elementor-element elementor-element-5075217\" data-id=\"5075217\" data-element_type=\"column\">\n\t\t\t<div class=\"elementor-widget-wrap elementor-element-populated\">\n\t\t\t\t\t\t<div class=\"elementor-element elementor-element-6822cea elementor-widget elementor-widget-heading\" data-id=\"6822cea\" data-element_type=\"widget\" data-widget_type=\"heading.default\">\n\t\t\t\t<div class=\"elementor-widget-container\">\n\t\t\t\t\t<h1 class=\"elementor-heading-title elementor-size-default\">Todo <br \/> Sobre nosotras<\/h1>\t\t\t\t<\/div>\n\t\t\t\t<\/div>\n\t\t\t\t<div class=\"elementor-element elementor-element-829d19e elementor-align-center elementor-widget elementor-widget-button\" data-id=\"829d19e\" data-element_type=\"widget\" data-widget_type=\"button.default\">\n\t\t\t\t<div class=\"elementor-widget-container\">\n\t\t\t\t\t\t\t\t\t<div class=\"elementor-button-wrapper\">\n\t\t\t\t\t<a class=\"elementor-button elementor-button-link elementor-size-sm\" href=\"https:\/\/plus.everythingtrading.com\/registration\/\">\n\t\t\t\t\t\t<span class=\"elementor-button-content-wrapper\">\n\t\t\t\t\t\t\t\t\t<span class=\"elementor-button-text\">Empecemos<\/span>\n\t\t\t\t\t<\/span>\n\t\t\t\t\t<\/a>\n\t\t\t\t<\/div>\n\t\t\t\t\t\t\t\t<\/div>\n\t\t\t\t<\/div>\n\t\t\t\t\t<\/div>\n\t\t<\/div>\n\t\t\t\t\t<\/div>\n\t\t<\/section>\n\t\t\t\t<section class=\"elementor-section elementor-top-section elementor-element elementor-element-13e05bf elementor-section-full_width elementor-section-height-default elementor-section-height-default\" data-id=\"13e05bf\" data-element_type=\"section\" data-settings=\"{&quot;background_background&quot;:&quot;classic&quot;}\">\n\t\t\t\t\t\t<div class=\"elementor-container elementor-column-gap-default\">\n\t\t\t\t\t<div class=\"elementor-column elementor-col-100 elementor-top-column elementor-element elementor-element-8581f16\" data-id=\"8581f16\" data-element_type=\"column\">\n\t\t\t<div class=\"elementor-widget-wrap elementor-element-populated\">\n\t\t\t\t\t\t<section class=\"elementor-section elementor-inner-section elementor-element elementor-element-2cecc74 elementor-section-boxed elementor-section-height-default elementor-section-height-default\" data-id=\"2cecc74\" data-element_type=\"section\">\n\t\t\t\t\t\t<div class=\"elementor-container elementor-column-gap-custom\">\n\t\t\t\t\t<div class=\"elementor-column elementor-col-50 elementor-inner-column elementor-element elementor-element-18bd4e4\" data-id=\"18bd4e4\" data-element_type=\"column\">\n\t\t\t<div class=\"elementor-widget-wrap elementor-element-populated\">\n\t\t\t\t\t\t<div class=\"elementor-element elementor-element-fdd9f0e elementor-widget elementor-widget-heading\" data-id=\"fdd9f0e\" data-element_type=\"widget\" data-widget_type=\"heading.default\">\n\t\t\t\t<div class=\"elementor-widget-container\">\n\t\t\t\t\t<h2 class=\"elementor-heading-title elementor-size-default\">Quienes somos<\/h2>\t\t\t\t<\/div>\n\t\t\t\t<\/div>\n\t\t\t\t\t<\/div>\n\t\t<\/div>\n\t\t\t\t<div class=\"elementor-column elementor-col-50 elementor-inner-column elementor-element elementor-element-089a98c\" data-id=\"089a98c\" data-element_type=\"column\">\n\t\t\t<div class=\"elementor-widget-wrap elementor-element-populated\">\n\t\t\t\t\t\t<div class=\"elementor-element elementor-element-e5c16f7 elementor-widget elementor-widget-text-editor\" data-id=\"e5c16f7\" data-element_type=\"widget\" data-widget_type=\"text-editor.default\">\n\t\t\t\t<div class=\"elementor-widget-container\">\n\t\t\t\t\t\t\t\t\t<p>Somos tu punto de encuentro ideal para todo lo relacionado con el trading. Nuestra trayectoria comenz\u00f3 con una idea simple pero poderosa: crear una comunidad de trading pr\u00f3spera para el trader moderno. Nos comprometemos a tu crecimiento, potenciando tus habilidades y enriqueciendo tus conocimientos financieros para ayudarte a alcanzar el \u00e9xito en el mundo de la inversi\u00f3n.<\/p><p>Nuestra \u00e1rea de miembros, gratuita y abierta a todos, refleja nuestro compromiso con la inclusi\u00f3n en el trading. Es un centro donde tanto principiantes como profesionales pueden acceder a din\u00e1micas salas de trading en vivo para obtener informaci\u00f3n experta en tiempo real, adem\u00e1s de cursos completos, seminarios web y herramientas premium.<\/p>\t\t\t\t\t\t\t\t<\/div>\n\t\t\t\t<\/div>\n\t\t\t\t<div class=\"elementor-element elementor-element-e6d14be elementor-align-left elementor-mobile-align-center elementor-widget elementor-widget-button\" data-id=\"e6d14be\" data-element_type=\"widget\" data-widget_type=\"button.default\">\n\t\t\t\t<div class=\"elementor-widget-container\">\n\t\t\t\t\t\t\t\t\t<div class=\"elementor-button-wrapper\">\n\t\t\t\t\t<a class=\"elementor-button elementor-button-link elementor-size-sm\" href=\"https:\/\/plus.everythingtrading.com\/registration\/\">\n\t\t\t\t\t\t<span class=\"elementor-button-content-wrapper\">\n\t\t\t\t\t\t\t\t\t<span class=\"elementor-button-text\">Acceder ahora<\/span>\n\t\t\t\t\t<\/span>\n\t\t\t\t\t<\/a>\n\t\t\t\t<\/div>\n\t\t\t\t\t\t\t\t<\/div>\n\t\t\t\t<\/div>\n\t\t\t\t\t<\/div>\n\t\t<\/div>\n\t\t\t\t\t<\/div>\n\t\t<\/section>\n\t\t\t\t\t<\/div>\n\t\t<\/div>\n\t\t\t\t\t<\/div>\n\t\t<\/section>\n\t\t\t\t<section class=\"elementor-section elementor-top-section elementor-element elementor-element-172d2ed elementor-section-full_width elementor-section-height-default elementor-section-height-default\" data-id=\"172d2ed\" data-element_type=\"section\" data-settings=\"{&quot;background_background&quot;:&quot;classic&quot;}\">\n\t\t\t\t\t\t<div class=\"elementor-container elementor-column-gap-default\">\n\t\t\t\t\t<div class=\"elementor-column elementor-col-100 elementor-top-column elementor-element elementor-element-21b987c\" data-id=\"21b987c\" data-element_type=\"column\">\n\t\t\t<div class=\"elementor-widget-wrap elementor-element-populated\">\n\t\t\t\t\t\t<section class=\"elementor-section elementor-inner-section elementor-element elementor-element-cfce0fb elementor-section-boxed elementor-section-height-default elementor-section-height-default\" data-id=\"cfce0fb\" data-element_type=\"section\">\n\t\t\t\t\t\t<div class=\"elementor-container elementor-column-gap-default\">\n\t\t\t\t\t<div class=\"elementor-column elementor-col-50 elementor-inner-column elementor-element elementor-element-b0b537c\" data-id=\"b0b537c\" data-element_type=\"column\">\n\t\t\t<div class=\"elementor-widget-wrap elementor-element-populated\">\n\t\t\t\t\t\t<div class=\"elementor-element elementor-element-ab80d82 elementor-widget elementor-widget-heading\" data-id=\"ab80d82\" data-element_type=\"widget\" data-widget_type=\"heading.default\">\n\t\t\t\t<div class=\"elementor-widget-container\">\n\t\t\t\t\t<h3 class=\"elementor-heading-title elementor-size-default\">\u00bfCu\u00e1l es nuestra misi\u00f3n?<\/h3>\t\t\t\t<\/div>\n\t\t\t\t<\/div>\n\t\t\t\t<div class=\"elementor-element elementor-element-4dde3c9 elementor-widget elementor-widget-heading\" data-id=\"4dde3c9\" data-element_type=\"widget\" data-widget_type=\"heading.default\">\n\t\t\t\t<div class=\"elementor-widget-container\">\n\t\t\t\t\t<h3 class=\"elementor-heading-title elementor-size-default\">Everything Trading est\u00e1 aqu\u00ed para mejorar tus operaciones.<\/h3>\t\t\t\t<\/div>\n\t\t\t\t<\/div>\n\t\t\t\t<div class=\"elementor-element elementor-element-f7b3301 elementor-widget elementor-widget-text-editor\" data-id=\"f7b3301\" data-element_type=\"widget\" data-widget_type=\"text-editor.default\">\n\t\t\t\t<div class=\"elementor-widget-container\">\n\t\t\t\t\t\t\t\t\t<p>Everything Trading est\u00e1 aqu\u00ed para impulsar tu experiencia de inversi\u00f3n. Nuestra misi\u00f3n es simple: proporcionar a los traders las herramientas y el conocimiento necesarios para prosperar en los mercados financieros.<\/p><p>Como miembro, disfrutar\u00e1s de una variedad de recursos, desde an\u00e1lisis diarios del mercado y an\u00e1lisis t\u00e9cnicos avanzados hasta una amplia gama de herramientas y estrategias de trading. Independientemente de tu nivel de experiencia, nos dedicamos a ayudarte a alcanzar tus objetivos financieros.<\/p><p>\u00danete hoy mismo y descubre una experiencia de trading \u00e1gil, informada y enriquecedora.<\/p>\t\t\t\t\t\t\t\t<\/div>\n\t\t\t\t<\/div>\n\t\t\t\t<div class=\"elementor-element elementor-element-f8a8d02 elementor-align-left elementor-tablet-align-center elementor-widget elementor-widget-button\" data-id=\"f8a8d02\" data-element_type=\"widget\" data-widget_type=\"button.default\">\n\t\t\t\t<div class=\"elementor-widget-container\">\n\t\t\t\t\t\t\t\t\t<div class=\"elementor-button-wrapper\">\n\t\t\t\t\t<a class=\"elementor-button elementor-button-link elementor-size-sm\" href=\"https:\/\/plus.everythingtrading.com\/registration\/\">\n\t\t\t\t\t\t<span class=\"elementor-button-content-wrapper\">\n\t\t\t\t\t\t\t\t\t<span class=\"elementor-button-text\">\u00danete ahora<\/span>\n\t\t\t\t\t<\/span>\n\t\t\t\t\t<\/a>\n\t\t\t\t<\/div>\n\t\t\t\t\t\t\t\t<\/div>\n\t\t\t\t<\/div>\n\t\t\t\t\t<\/div>\n\t\t<\/div>\n\t\t\t\t<div class=\"elementor-column elementor-col-50 elementor-inner-column elementor-element elementor-element-07e74b6\" data-id=\"07e74b6\" data-element_type=\"column\">\n\t\t\t<div class=\"elementor-widget-wrap elementor-element-populated\">\n\t\t\t\t\t\t<div class=\"elementor-element elementor-element-3aa336f elementor-widget-tablet__width-inherit elementor-widget elementor-widget-image\" data-id=\"3aa336f\" data-element_type=\"widget\" data-widget_type=\"image.default\">\n\t\t\t\t<div class=\"elementor-widget-container\">\n\t\t\t\t\t\t\t\t\t\t\t\t\t\t\t<img fetchpriority=\"high\" decoding=\"async\" width=\"1072\" height=\"1342\" src=\"https:\/\/everythingtrading.com\/wp-content\/uploads\/2025\/09\/Rectangle-1-1.png\" class=\"attachment-full size-full wp-image-81905\" alt=\"\" srcset=\"https:\/\/everythingtrading.com\/wp-content\/uploads\/2025\/09\/Rectangle-1-1.png 1072w, https:\/\/everythingtrading.com\/wp-content\/uploads\/2025\/09\/Rectangle-1-1-768x961.png 768w\" sizes=\"(max-width: 1072px) 100vw, 1072px\" \/>\t\t\t\t\t\t\t\t\t\t\t\t\t\t\t<\/div>\n\t\t\t\t<\/div>\n\t\t\t\t\t<\/div>\n\t\t<\/div>\n\t\t\t\t\t<\/div>\n\t\t<\/section>\n\t\t\t\t\t<\/div>\n\t\t<\/div>\n\t\t\t\t\t<\/div>\n\t\t<\/section>\n\t\t\t\t<\/div>\n\t\t","protected":false},"excerpt":{"rendered":"<p>Todo Sobre nosotras Empecemos Quienes somos Somos tu punto de encuentro ideal para todo lo relacionado con el trading. Nuestra trayectoria comenz\u00f3 con una idea simple pero poderosa: crear una comunidad de trading pr\u00f3spera para el trader moderno. Nos comprometemos a tu crecimiento, potenciando tus habilidades y enriqueciendo tus conocimientos financieros para ayudarte a alcanzar [&hellip;]<\/p>\n","protected":false},"author":141,"featured_media":0,"parent":0,"menu_order":0,"comment_status":"closed","ping_status":"closed","template":"","meta":{"footnotes":""},"class_list":["post-84577","page","type-page","status-publish","hentry"],"yoast_head":"<!-- This site is optimized with the Yoast SEO plugin v26.8 - https:\/\/yoast.com\/product\/yoast-seo-wordpress\/ -->\n<title>About Us - Everything Trading<\/title>\n<meta name=\"robots\" content=\"index, follow, max-snippet:-1, max-image-preview:large, max-video-preview:-1\" \/>\n<link rel=\"canonical\" href=\"https:\/\/everythingtrading.com\/es\/about-us\/\" \/>\n<meta property=\"og:locale\" content=\"es_ES\" \/>\n<meta property=\"og:type\" content=\"article\" \/>\n<meta property=\"og:title\" content=\"About Us - Everything Trading\" \/>\n<meta property=\"og:description\" content=\"Todo Sobre nosotras Empecemos Quienes somos Somos tu punto de encuentro ideal para todo lo relacionado con el trading. Nuestra trayectoria comenz\u00f3 con una idea simple pero poderosa: crear una comunidad de trading pr\u00f3spera para el trader moderno. Nos comprometemos a tu crecimiento, potenciando tus habilidades y enriqueciendo tus conocimientos financieros para ayudarte a alcanzar [&hellip;]\" \/>\n<meta property=\"og:url\" content=\"https:\/\/everythingtrading.com\/es\/about-us\/\" \/>\n<meta property=\"og:site_name\" content=\"Everything Trading\" \/>\n<meta property=\"article:modified_time\" content=\"2026-01-23T11:49:08+00:00\" \/>\n<meta property=\"og:image\" content=\"https:\/\/everythingtrading.com\/wp-content\/uploads\/2025\/09\/Rectangle-1-1.png\" \/>\n\t<meta property=\"og:image:width\" content=\"1072\" \/>\n\t<meta property=\"og:image:height\" content=\"1342\" \/>\n\t<meta property=\"og:image:type\" content=\"image\/png\" \/>\n<meta name=\"twitter:card\" content=\"summary_large_image\" \/>\n<meta name=\"twitter:label1\" content=\"Tiempo de lectura\" \/>\n\t<meta name=\"twitter:data1\" content=\"2 minutos\" \/>\n<script type=\"application\/ld+json\" class=\"yoast-schema-graph\">{\"@context\":\"https:\/\/schema.org\",\"@graph\":[{\"@type\":\"WebPage\",\"@id\":\"https:\/\/everythingtrading.com\/es\/about-us\/\",\"url\":\"https:\/\/everythingtrading.com\/es\/about-us\/\",\"name\":\"About Us - Everything Trading\",\"isPartOf\":{\"@id\":\"https:\/\/everythingtrading.com\/es\/#website\"},\"primaryImageOfPage\":{\"@id\":\"https:\/\/everythingtrading.com\/es\/about-us\/#primaryimage\"},\"image\":{\"@id\":\"https:\/\/everythingtrading.com\/es\/about-us\/#primaryimage\"},\"thumbnailUrl\":\"https:\/\/everythingtrading.com\/wp-content\/uploads\/2025\/09\/Rectangle-1-1.png\",\"datePublished\":\"2025-09-03T13:31:00+00:00\",\"dateModified\":\"2026-01-23T11:49:08+00:00\",\"breadcrumb\":{\"@id\":\"https:\/\/everythingtrading.com\/es\/about-us\/#breadcrumb\"},\"inLanguage\":\"es\",\"potentialAction\":[{\"@type\":\"ReadAction\",\"target\":[\"https:\/\/everythingtrading.com\/es\/about-us\/\"]}]},{\"@type\":\"ImageObject\",\"inLanguage\":\"es\",\"@id\":\"https:\/\/everythingtrading.com\/es\/about-us\/#primaryimage\",\"url\":\"https:\/\/everythingtrading.com\/wp-content\/uploads\/2025\/09\/Rectangle-1-1.png\",\"contentUrl\":\"https:\/\/everythingtrading.com\/wp-content\/uploads\/2025\/09\/Rectangle-1-1.png\"},{\"@type\":\"BreadcrumbList\",\"@id\":\"https:\/\/everythingtrading.com\/es\/about-us\/#breadcrumb\",\"itemListElement\":[{\"@type\":\"ListItem\",\"position\":1,\"name\":\"Home\",\"item\":\"https:\/\/everythingtrading.com\/es\/\"},{\"@type\":\"ListItem\",\"position\":2,\"name\":\"About Us\"}]},{\"@type\":\"WebSite\",\"@id\":\"https:\/\/everythingtrading.com\/es\/#website\",\"url\":\"https:\/\/everythingtrading.com\/es\/\",\"name\":\"Everything Trading\",\"description\":\"Learn the Art of Financial Freedom\",\"potentialAction\":[{\"@type\":\"SearchAction\",\"target\":{\"@type\":\"EntryPoint\",\"urlTemplate\":\"https:\/\/everythingtrading.com\/es\/?s={search_term_string}\"},\"query-input\":{\"@type\":\"PropertyValueSpecification\",\"valueRequired\":true,\"valueName\":\"search_term_string\"}}],\"inLanguage\":\"es\"}]}<\/script>\n<!-- \/ Yoast SEO plugin. -->","yoast_head_json":{"title":"About Us - Everything Trading","robots":{"index":"index","follow":"follow","max-snippet":"max-snippet:-1","max-image-preview":"max-image-preview:large","max-video-preview":"max-video-preview:-1"},"canonical":"https:\/\/everythingtrading.com\/es\/about-us\/","og_locale":"es_ES","og_type":"article","og_title":"About Us - Everything Trading","og_description":"Todo Sobre nosotras Empecemos Quienes somos Somos tu punto de encuentro ideal para todo lo relacionado con el trading. Nuestra trayectoria comenz\u00f3 con una idea simple pero poderosa: crear una comunidad de trading pr\u00f3spera para el trader moderno. Nos comprometemos a tu crecimiento, potenciando tus habilidades y enriqueciendo tus conocimientos financieros para ayudarte a alcanzar [&hellip;]","og_url":"https:\/\/everythingtrading.com\/es\/about-us\/","og_site_name":"Everything Trading","article_modified_time":"2026-01-23T11:49:08+00:00","og_image":[{"width":1072,"height":1342,"url":"https:\/\/everythingtrading.com\/wp-content\/uploads\/2025\/09\/Rectangle-1-1.png","type":"image\/png"}],"twitter_card":"summary_large_image","twitter_misc":{"Tiempo de lectura":"2 minutos"},"schema":{"@context":"https:\/\/schema.org","@graph":[{"@type":"WebPage","@id":"https:\/\/everythingtrading.com\/es\/about-us\/","url":"https:\/\/everythingtrading.com\/es\/about-us\/","name":"About Us - Everything Trading","isPartOf":{"@id":"https:\/\/everythingtrading.com\/es\/#website"},"primaryImageOfPage":{"@id":"https:\/\/everythingtrading.com\/es\/about-us\/#primaryimage"},"image":{"@id":"https:\/\/everythingtrading.com\/es\/about-us\/#primaryimage"},"thumbnailUrl":"https:\/\/everythingtrading.com\/wp-content\/uploads\/2025\/09\/Rectangle-1-1.png","datePublished":"2025-09-03T13:31:00+00:00","dateModified":"2026-01-23T11:49:08+00:00","breadcrumb":{"@id":"https:\/\/everythingtrading.com\/es\/about-us\/#breadcrumb"},"inLanguage":"es","potentialAction":[{"@type":"ReadAction","target":["https:\/\/everythingtrading.com\/es\/about-us\/"]}]},{"@type":"ImageObject","inLanguage":"es","@id":"https:\/\/everythingtrading.com\/es\/about-us\/#primaryimage","url":"https:\/\/everythingtrading.com\/wp-content\/uploads\/2025\/09\/Rectangle-1-1.png","contentUrl":"https:\/\/everythingtrading.com\/wp-content\/uploads\/2025\/09\/Rectangle-1-1.png"},{"@type":"BreadcrumbList","@id":"https:\/\/everythingtrading.com\/es\/about-us\/#breadcrumb","itemListElement":[{"@type":"ListItem","position":1,"name":"Home","item":"https:\/\/everythingtrading.com\/es\/"},{"@type":"ListItem","position":2,"name":"About Us"}]},{"@type":"WebSite","@id":"https:\/\/everythingtrading.com\/es\/#website","url":"https:\/\/everythingtrading.com\/es\/","name":"Everything Trading","description":"Learn the Art of Financial Freedom","potentialAction":[{"@type":"SearchAction","target":{"@type":"EntryPoint","urlTemplate":"https:\/\/everythingtrading.com\/es\/?s={search_term_string}"},"query-input":{"@type":"PropertyValueSpecification","valueRequired":true,"valueName":"search_term_string"}}],"inLanguage":"es"}]}},"_links":{"self":[{"href":"https:\/\/everythingtrading.com\/es\/wp-json\/wp\/v2\/pages\/84577","targetHints":{"allow":["GET"]}}],"collection":[{"href":"https:\/\/everythingtrading.com\/es\/wp-json\/wp\/v2\/pages"}],"about":[{"href":"https:\/\/everythingtrading.com\/es\/wp-json\/wp\/v2\/types\/page"}],"author":[{"embeddable":true,"href":"https:\/\/everythingtrading.com\/es\/wp-json\/wp\/v2\/users\/141"}],"replies":[{"embeddable":true,"href":"https:\/\/everythingtrading.com\/es\/wp-json\/wp\/v2\/comments?post=84577"}],"version-history":[{"count":0,"href":"https:\/\/everythingtrading.com\/es\/wp-json\/wp\/v2\/pages\/84577\/revisions"}],"wp:attachment":[{"href":"https:\/\/everythingtrading.com\/es\/wp-json\/wp\/v2\/media?parent=84577"}],"curies":[{"name":"wp","href":"https:\/\/api.w.org\/{rel}","templated":true}]}}