{"id":84594,"date":"2020-09-30T14:42:31","date_gmt":"2020-09-30T14:42:31","guid":{"rendered":"https:\/\/everythingtrading.com\/?page_id=84594"},"modified":"2026-01-23T12:54:54","modified_gmt":"2026-01-23T12:54:54","slug":"privacy-policy","status":"publish","type":"page","link":"https:\/\/everythingtrading.com\/es\/privacy-policy\/","title":{"rendered":"Privacy Policy"},"content":{"rendered":"\t\t<div data-elementor-type=\"wp-page\" data-elementor-id=\"84594\" class=\"elementor elementor-84594 elementor-3\" data-elementor-post-type=\"page\">\n\t\t\t\t\t\t<section class=\"elementor-section elementor-top-section elementor-element elementor-element-1b68b71b elementor-section-boxed elementor-section-height-default elementor-section-height-default\" data-id=\"1b68b71b\" data-element_type=\"section\">\n\t\t\t\t\t\t<div class=\"elementor-container elementor-column-gap-default\">\n\t\t\t\t\t<div class=\"elementor-column elementor-col-100 elementor-top-column elementor-element elementor-element-2790419c\" data-id=\"2790419c\" data-element_type=\"column\">\n\t\t\t<div class=\"elementor-widget-wrap elementor-element-populated\">\n\t\t\t\t\t\t<div class=\"elementor-element elementor-element-1323f8a elementor-widget elementor-widget-heading\" data-id=\"1323f8a\" data-element_type=\"widget\" data-widget_type=\"heading.default\">\n\t\t\t\t<div class=\"elementor-widget-container\">\n\t\t\t\t\t<h1 class=\"elementor-heading-title elementor-size-default\">Pol\u00edtica de privacidad: c\u00f3mo Everything Trading protege sus datos<\/h1>\t\t\t\t<\/div>\n\t\t\t\t<\/div>\n\t\t\t\t<div class=\"elementor-element elementor-element-5ea6c9b6 policy elementor-widget elementor-widget-text-editor\" data-id=\"5ea6c9b6\" data-element_type=\"widget\" data-widget_type=\"text-editor.default\">\n\t\t\t\t<div class=\"elementor-widget-container\">\n\t\t\t\t\t\t\t\t\t<p>Esta pol\u00edtica de privacidad se aplica a este sitio web <a href=\"https:\/\/everythingtrading.com\/\">https:\/\/everythingtrading.com<\/a>, gestionado por Everything Trading Group Ltd., y rige la privacidad de los usuarios que lo utilizan.<\/p><p>La pol\u00edtica establece las diferentes \u00e1reas relacionadas con la privacidad del usuario y describe las obligaciones y requisitos de los usuarios, del sitio web y de sus propietarios. Adem\u00e1s, la forma en que este sitio web procesa, almacena y protege los datos y la informaci\u00f3n del usuario tambi\u00e9n se detalla en esta pol\u00edtica.<\/p><p>Definiciones clave de la pol\u00edtica:<\/p><ul><li>\u201cYo\u201d, \u201cnuestro\u201d, \u201cnos\u201d o \u201cnos\u201d se refieren a la empresa [Everything Trading Group Ltd.].<\/li><li>\u201cUsted\u201d, \u201cel usuario\u201d se refieren a la(s) persona(s) que utiliza(n) este sitio web.<\/li><li>RGPD significa Ley General de Protecci\u00f3n de Datos.<\/li><li>PECR significa Privacidad y Reglamento de Comunicaciones Electr\u00f3nicas.<\/li><li>ICO significa Oficina del Comisionado de Informaci\u00f3n.<\/li><li>Las cookies son peque\u00f1os archivos que se almacenan en el ordenador o dispositivo del usuario.<\/li><\/ul><h3>Tratamiento de sus datos personales<\/h3><p>Seg\u00fan el RGPD (Reglamento General de Protecci\u00f3n de Datos), podemos controlar o tratar electr\u00f3nicamente cualquier informaci\u00f3n personal sobre usted.<\/p><p>Si, seg\u00fan lo determinemos, cambia la base legal sobre la que tratamos su informaci\u00f3n personal, le notificaremos el cambio y cualquier nueva base legal que se utilice, si es necesario. Dejaremos de tratar su informaci\u00f3n personal si la base legal utilizada ya no es relevante.<\/p><h3>Sus derechos individuales<\/h3><p>Seg\u00fan el RGPD, sus derechos son los siguientes. Puede leer m\u00e1s sobre <a title=\"sus derechos en detalle bajo el RGPD\" href=\"https:\/\/ico.org.uk\/for-organisations\/guide-to-the-general-data-protection-regulation-gdpr\/individual-rights\/\" target=\"_blank\" rel=\"nofollow noopener noreferrer\">sus derechos en detalle aqu\u00ed<\/a>;<\/p><ul><li>derecho a ser informado;<\/li><li>derecho de acceso;<\/li><li>derecho de rectificaci\u00f3n;<\/li><li>derecho de supresi\u00f3n;<\/li><li>derecho a restringir el procesamiento;<\/li><li>derecho a la portabilidad de los datos;<\/li><li>derecho de oposici\u00f3n; y<\/li><li>derecho a no ser objeto de decisiones automatizadas, incluida la elaboraci\u00f3n de perfiles.<\/li><\/ul><p>Tambi\u00e9n tiene derecho a presentar una reclamaci\u00f3n ante la ICO [<a title=\"The ICO\" href=\"https:\/\/www.ico.org.uk\/\" target=\"_blank\" rel=\"nofollow noopener noreferrer\">www.ico.org.uk<\/a>] si considera que hay un problema con la forma en que gestionamos sus datos.<\/p><p>Tramitamos las solicitudes de acceso de los interesados \u200b\u200bde conformidad con el RGPD. El sitio web<br \/>Este sitio web y sus propietarios adoptan un enfoque proactivo respecto a la privacidad del usuario y garantizan que se toman las medidas necesarias para protegerla durante su visita. Garantizamos la seguridad de la informaci\u00f3n personal que conservamos mediante el uso de tecnolog\u00edas de almacenamiento seguro de datos y procedimientos precisos para almacenar, acceder y gestionar dicha informaci\u00f3n. Nuestros m\u00e9todos cumplen con el requisito de cumplimiento del RGPD.<\/p><p>Pol\u00edtica de cookies<br \/>Este sitio web utiliza cookies para mejorar la experiencia del usuario durante su visita. Cuando corresponde, este sitio web utiliza un sistema de control de cookies que permite al usuario, en su primera visita, habilitar o deshabilitar el uso de cookies en su ordenador o dispositivo. Esto cumple con los requisitos de la legislaci\u00f3n reciente que exige que los sitios web obtengan el consentimiento expl\u00edcito de los usuarios antes de almacenar o leer archivos como cookies en el ordenador o dispositivo del usuario.<\/p><p>Las cookies que se utilizan para prestar el servicio de Google Analytics se describen en la tabla a continuaci\u00f3n.<\/p><table class=\"content-table\"><thead><tr><th><strong>COOKIE<\/strong><\/th><th><strong>T\u00cdTULO<\/strong><\/th><th><strong>DESCRIPCI\u00d3N<\/strong><\/th><\/tr><\/thead><tbody><tr><td><p>__utma__utmb<\/p><p>__utmc<\/p><p>__utmv<\/p><p>__utmz<\/p><\/td><td>Google Analytics<\/td><td><p>Estas cookies se utilizan para almacenar informaci\u00f3n, como la hora de su visita actual, si ha visitado el sitio anteriormente y qu\u00e9 sitio le ha redirigido a la p\u00e1gina web. Estas cookies no contienen informaci\u00f3n personal identificable, pero utilizan la direcci\u00f3n IP de su ordenador para saber desde qu\u00e9 lugar del mundo accede a Internet.<\/p><p>Google almacena la informaci\u00f3n recopilada por estas cookies en servidores de Estados Unidos. Google podr\u00e1 transferir esta informaci\u00f3n a terceros cuando as\u00ed lo exija la ley o cuando dichos terceros procesen la informaci\u00f3n por cuenta de Google.<\/p><\/td><\/tr><\/tbody><\/table><p>Exclusi\u00f3n voluntaria<br \/>Para ofrecer a los visitantes del sitio web m\u00e1s opciones sobre c\u00f3mo Google Analytics recopila sus datos, Google ha desarrollado el complemento para navegadores de inhabilitaci\u00f3n de Google Analytics. Este complemento se comunica con el JavaScript de Google Analytics (ga.js) para impedir que se env\u00eden datos a Google Analytics. Este complemento no afecta al uso del sitio web de ninguna otra forma. A continuaci\u00f3n, encontrar\u00e1 un enlace con m\u00e1s informaci\u00f3n sobre el complemento para navegadores de inhabilitaci\u00f3n de Google Analytics.<\/p><p><a href=\"https:\/\/tools.google.com\/dlpage\/gaoptout?hl=None\">http:\/\/tools.google.com\/dlpage\/gaoptout?hl=None<\/a><\/p><p>Para obtener m\u00e1s informaci\u00f3n sobre el uso de cookies por parte de Google Analytics, consulte el sitio web de Google. A continuaci\u00f3n, encontrar\u00e1 un enlace a la informaci\u00f3n sobre privacidad de este producto.<\/p><p><a href=\"https:\/\/www.google.com\/analytics\/learn\/privacy.html\">http:\/\/www.google.com\/analytics\/learn\/privacy.html<\/a><\/p><h3>Desactivaci\u00f3n de cookies<\/h3><p>Si desea restringir el uso de cookies, puede hacerlo en su navegador de internet. A continuaci\u00f3n, encontrar\u00e1 enlaces con consejos sobre c\u00f3mo hacerlo para los navegadores de internet m\u00e1s populares, disponibles para el navegador que prefiera, ya sea en l\u00ednea o a trav\u00e9s de la ayuda del software.<\/p><ul><li id=\"ie\"><a href=\"http:\/\/windows.microsoft.com\/en-GB\/windows7\/Block-enable-or-allow-cookies\">Internet Explorer<\/a><\/li><li id=\"chrome\"><a href=\"https:\/\/support.google.com\/chrome\/bin\/answer.py?hl=en-GB&amp;answer=95647&amp;p=cpn_cookies\">Google Chrome<\/a><\/li><li id=\"firefox\"><a href=\"https:\/\/support.mozilla.org\/en-US\/kb\/Blocking%20cookies\">Mozilla Firefox<\/a><\/li><li id=\"safari\"><a href=\"http:\/\/docs.info.apple.com\/article.html?artnum=32467\">Apple Safari<\/a><\/li><\/ul><h3>Contacto y Comunicaci\u00f3n<br \/>Los usuarios que contacten con este sitio web o sus propietarios lo hacen a su propia discreci\u00f3n y proporcionan los datos personales solicitados bajo su propia responsabilidad. Su informaci\u00f3n personal se mantiene privada y se almacena de forma segura hasta que deje de ser necesaria o de tener uso, seg\u00fan lo detallado en la Ley de Protecci\u00f3n de Datos de 1998. Se ha hecho todo lo posible para garantizar un proceso seguro de env\u00edo de formularios a correo electr\u00f3nico, pero se recomienda a los usuarios que utilicen dichos procesos que lo hagan bajo su propia responsabilidad.<\/h3><p>Este sitio web y sus propietarios utilizan la informaci\u00f3n proporcionada para proporcionarle m\u00e1s informaci\u00f3n sobre los productos\/servicios que ofrecen o para ayudarle a responder cualquier pregunta o consulta que pueda haber realizado. Esto incluye el uso de sus datos para suscribirse a cualquier programa de boletines informativos por correo electr\u00f3nico que opere el sitio web, pero solo si se le ha informado claramente al respecto y se ha otorgado su consentimiento expreso al enviar cualquier formulario a correo electr\u00f3nico. O si usted, como consumidor, ha comprado o solicitado informaci\u00f3n sobre la compra de un producto o servicio de la empresa relacionado con el bolet\u00edn informativo por correo electr\u00f3nico. Esta no es, en ning\u00fan caso, una lista completa de sus derechos como usuario con respecto a la recepci\u00f3n de material de marketing por correo electr\u00f3nico. Sus datos no se ceden a terceros.<\/p><h3>Bolet\u00edn informativo por correo electr\u00f3nico<\/h3><p>De acuerdo con el RGPD, nos basamos en el consentimiento de cualquier persona que se suscriba a nuestro bolet\u00edn informativo o lista de correo de marketing. Solo recopilamos ciertos datos sobre usted, como se detalla en la secci\u00f3n \u00abTratamiento de sus datos personales\u00bb m\u00e1s arriba. Todos los mensajes de marketing por correo electr\u00f3nico que enviamos se realizan a trav\u00e9s de un proveedor de servicios de marketing por correo electr\u00f3nico (EMS). Un EMS es un proveedor externo de software\/aplicaciones que permite a los profesionales del marketing enviar campa\u00f1as de marketing por correo electr\u00f3nico a una lista de usuarios.<\/p><p>Los mensajes de marketing por correo electr\u00f3nico que enviamos pueden contener balizas de seguimiento, enlaces clicables o tecnolog\u00edas de servidor similares para rastrear la actividad del suscriptor en los mensajes de marketing por correo electr\u00f3nico. Cuando se utilizan, estos mensajes de marketing pueden registrar diversos datos como horas, fechas, direcciones IP, aperturas, clics, reenv\u00edos, datos geogr\u00e1ficos y demogr\u00e1ficos. Estos datos, dentro de sus limitaciones, mostrar\u00e1n la actividad de cada suscriptor en esa campa\u00f1a de correo electr\u00f3nico.<\/p><p>Todos los mensajes de marketing por correo electr\u00f3nico que enviamos cumplen con el RGPD y el PECR. Le ofrecemos un m\u00e9todo sencillo para retirar su consentimiento (darse de baja) o gestionar sus preferencias o la informaci\u00f3n que tenemos sobre usted en cualquier momento. Consulte los mensajes de marketing para obtener instrucciones sobre c\u00f3mo darse de baja o gestionar sus preferencias.<\/p><h3>Enlaces externos<\/h3><p>Aunque este sitio web solo busca incluir enlaces externos de calidad, seguros y relevantes, se recomienda a los usuarios tener precauci\u00f3n antes de hacer clic en cualquier enlace web externo mencionado. (Los enlaces externos son enlaces de texto, banners o im\u00e1genes a otros sitios web en los que se puede hacer clic).<\/p><p>Los propietarios de este sitio web no pueden garantizar ni verificar el contenido de ning\u00fan sitio web enlazado externamente, a pesar de sus mejores esfuerzos. Por lo tanto, los usuarios deben tener en cuenta que hacen clic en enlaces externos bajo su propia responsabilidad y que este sitio web y sus propietarios no se hacen responsables de los da\u00f1os o consecuencias que puedan derivarse de visitar cualquiera de los enlaces externos mencionados.<\/p><h3>Plataformas de redes sociales<\/h3><p>La comunicaci\u00f3n, la interacci\u00f3n y las acciones realizadas a trav\u00e9s de las plataformas de redes sociales externas en las que este sitio web y sus propietarios participan se rigen por los t\u00e9rminos y condiciones, as\u00ed como por las pol\u00edticas de privacidad de cada plataforma.<\/p><p>Se recomienda a los usuarios que utilicen las plataformas de redes sociales con prudencia y que se comuniquen e interact\u00faen en ellas con la debida precauci\u00f3n y precauci\u00f3n respecto a su privacidad y datos personales. Ni este sitio web ni sus propietarios solicitar\u00e1n jam\u00e1s informaci\u00f3n personal o sensible a trav\u00e9s de las plataformas de redes sociales, y animamos a los usuarios que deseen compartir informaci\u00f3n sensible a que se pongan en contacto con ellos a trav\u00e9s de los canales de comunicaci\u00f3n principales, como el tel\u00e9fono o el correo electr\u00f3nico.<\/p><p>Este sitio web puede utilizar botones para compartir en redes sociales que permiten compartir contenido web directamente desde las p\u00e1ginas web a la plataforma en cuesti\u00f3n. Se recomienda a los usuarios que, antes de utilizar dichos botones, lo hagan a su propia discreci\u00f3n y tengan en cuenta que la plataforma puede rastrear y guardar su solicitud para compartir una p\u00e1gina web a trav\u00e9s de su cuenta.<\/p><h3>Enlaces acortados en redes sociales<\/h3><p>Este sitio web y sus propietarios, a trav\u00e9s de sus cuentas en redes sociales, pueden compartir enlaces a p\u00e1ginas web relevantes. Algunas plataformas de redes sociales acortan las URL largas [direcciones web] de forma predeterminada.<\/p><p>Se recomienda a los usuarios tener precauci\u00f3n y buen juicio antes de hacer clic en cualquier URL acortada publicada en redes sociales por este sitio web y sus propietarios. A pesar de los esfuerzos por garantizar que solo se publiquen URL aut\u00e9nticas, muchas plataformas de redes sociales son propensas al spam y a la pirater\u00eda inform\u00e1tica, por lo que este sitio web y sus propietarios no se hacen responsables de los da\u00f1os o consecuencias que puedan derivarse de visitar enlaces acortados.<\/p><h3>Recursos y M\u00e1s informaci\u00f3n<\/h3><ul><li><a href=\"http:\/\/www.legislation.gov.uk\/ukpga\/1998\/29\/contents\" target=\"_blank\" rel=\"noopener noreferrer\">Ley de Protecci\u00f3n de Datos de 1998<\/a><\/li><li><a href=\"http:\/\/www.legislation.gov.uk\/uksi\/2003\/2426\/contents\/made\" target=\"_blank\" rel=\"noopener noreferrer\">Reglamento de Privacidad y Comunicaciones Electr\u00f3nicas de 2003<\/a><\/li><li><a href=\"https:\/\/ico.org.uk\/for-organisations\/guide-to-pecr\/\" target=\"_blank\" rel=\"noopener noreferrer\">Reglamento de Privacidad y Comunicaciones Electr\u00f3nicas de 2003 \u2013 La Gu\u00eda<\/a><\/li><li><a href=\"https:\/\/twitter.com\/privacy\" target=\"_blank\" rel=\"noopener noreferrer\">Pol\u00edtica de Privacidad de Twitter<\/a><\/li><li><a href=\"https:\/\/www.facebook.com\/about\/privacy\/\" target=\"_blank\" rel=\"noopener noreferrer\">Pol\u00edtica de Privacidad de Facebook<\/a><\/li><li><a href=\"https:\/\/www.google.com\/privacy.html\" target=\"_blank\" rel=\"noopener noreferrer\">Pol\u00edtica de Privacidad de Google<\/a><\/li><li><a href=\"https:\/\/mailchimp.com\/legal\/privacy\/\" target=\"_self\" rel=\"noopener noreferrer\">Pol\u00edtica de Privacidad de Mailchimp<\/a><\/li><\/ul><p>Enero de 2019. Editado y personalizado por: Everything Trading Group Ltd.<br \/>N\u00famero de registro mercantil: 11607404 (Inglaterra y Gales)<\/p>\t\t\t\t\t\t\t\t<\/div>\n\t\t\t\t<\/div>\n\t\t\t\t\t<\/div>\n\t\t<\/div>\n\t\t\t\t\t<\/div>\n\t\t<\/section>\n\t\t\t\t<\/div>\n\t\t","protected":false},"excerpt":{"rendered":"<p>Pol\u00edtica de privacidad: c\u00f3mo Everything Trading protege sus datos Esta pol\u00edtica de privacidad se aplica a este sitio web https:\/\/everythingtrading.com, gestionado por Everything Trading Group Ltd., y rige la privacidad de los usuarios que lo utilizan. La pol\u00edtica establece las diferentes \u00e1reas relacionadas con la privacidad del usuario y describe las obligaciones y requisitos de [&hellip;]<\/p>\n","protected":false},"author":141,"featured_media":81209,"parent":0,"menu_order":0,"comment_status":"closed","ping_status":"open","template":"","meta":{"footnotes":""},"class_list":["post-84594","page","type-page","status-publish","has-post-thumbnail","hentry"],"yoast_head":"<!-- This site is optimized with the Yoast SEO plugin v26.8 - https:\/\/yoast.com\/product\/yoast-seo-wordpress\/ -->\n<title>Privacy Policy - Everything Trading<\/title>\n<meta name=\"robots\" content=\"index, follow, max-snippet:-1, max-image-preview:large, max-video-preview:-1\" \/>\n<link rel=\"canonical\" href=\"https:\/\/everythingtrading.com\/es\/privacy-policy\/\" \/>\n<meta property=\"og:locale\" content=\"es_ES\" \/>\n<meta property=\"og:type\" content=\"article\" \/>\n<meta property=\"og:title\" content=\"Privacy Policy - Everything Trading\" \/>\n<meta property=\"og:description\" content=\"Pol\u00edtica de privacidad: c\u00f3mo Everything Trading protege sus datos Esta pol\u00edtica de privacidad se aplica a este sitio web https:\/\/everythingtrading.com, gestionado por Everything Trading Group Ltd., y rige la privacidad de los usuarios que lo utilizan. La pol\u00edtica establece las diferentes \u00e1reas relacionadas con la privacidad del usuario y describe las obligaciones y requisitos de [&hellip;]\" \/>\n<meta property=\"og:url\" content=\"https:\/\/everythingtrading.com\/es\/privacy-policy\/\" \/>\n<meta property=\"og:site_name\" content=\"Everything Trading\" \/>\n<meta property=\"article:modified_time\" content=\"2026-01-23T12:54:54+00:00\" \/>\n<meta property=\"og:image\" content=\"https:\/\/everythingtrading.com\/wp-content\/uploads\/2025\/09\/Group-1686566269.png\" \/>\n\t<meta property=\"og:image:width\" content=\"1037\" \/>\n\t<meta property=\"og:image:height\" content=\"816\" \/>\n\t<meta property=\"og:image:type\" content=\"image\/png\" \/>\n<meta name=\"twitter:card\" content=\"summary_large_image\" \/>\n<meta name=\"twitter:label1\" content=\"Tiempo de lectura\" \/>\n\t<meta name=\"twitter:data1\" content=\"9 minutos\" \/>\n<script type=\"application\/ld+json\" class=\"yoast-schema-graph\">{\"@context\":\"https:\/\/schema.org\",\"@graph\":[{\"@type\":\"WebPage\",\"@id\":\"https:\/\/everythingtrading.com\/es\/privacy-policy\/\",\"url\":\"https:\/\/everythingtrading.com\/es\/privacy-policy\/\",\"name\":\"Privacy Policy - Everything Trading\",\"isPartOf\":{\"@id\":\"https:\/\/everythingtrading.com\/es\/#website\"},\"primaryImageOfPage\":{\"@id\":\"https:\/\/everythingtrading.com\/es\/privacy-policy\/#primaryimage\"},\"image\":{\"@id\":\"https:\/\/everythingtrading.com\/es\/privacy-policy\/#primaryimage\"},\"thumbnailUrl\":\"https:\/\/everythingtrading.com\/wp-content\/uploads\/2025\/09\/Group-1686566269.png\",\"datePublished\":\"2020-09-30T14:42:31+00:00\",\"dateModified\":\"2026-01-23T12:54:54+00:00\",\"breadcrumb\":{\"@id\":\"https:\/\/everythingtrading.com\/es\/privacy-policy\/#breadcrumb\"},\"inLanguage\":\"es\",\"potentialAction\":[{\"@type\":\"ReadAction\",\"target\":[\"https:\/\/everythingtrading.com\/es\/privacy-policy\/\"]}]},{\"@type\":\"ImageObject\",\"inLanguage\":\"es\",\"@id\":\"https:\/\/everythingtrading.com\/es\/privacy-policy\/#primaryimage\",\"url\":\"https:\/\/everythingtrading.com\/wp-content\/uploads\/2025\/09\/Group-1686566269.png\",\"contentUrl\":\"https:\/\/everythingtrading.com\/wp-content\/uploads\/2025\/09\/Group-1686566269.png\",\"width\":1037,\"height\":816},{\"@type\":\"BreadcrumbList\",\"@id\":\"https:\/\/everythingtrading.com\/es\/privacy-policy\/#breadcrumb\",\"itemListElement\":[{\"@type\":\"ListItem\",\"position\":1,\"name\":\"Home\",\"item\":\"https:\/\/everythingtrading.com\/es\/\"},{\"@type\":\"ListItem\",\"position\":2,\"name\":\"Privacy Policy\"}]},{\"@type\":\"WebSite\",\"@id\":\"https:\/\/everythingtrading.com\/es\/#website\",\"url\":\"https:\/\/everythingtrading.com\/es\/\",\"name\":\"Everything Trading\",\"description\":\"Learn the Art of Financial Freedom\",\"potentialAction\":[{\"@type\":\"SearchAction\",\"target\":{\"@type\":\"EntryPoint\",\"urlTemplate\":\"https:\/\/everythingtrading.com\/es\/?s={search_term_string}\"},\"query-input\":{\"@type\":\"PropertyValueSpecification\",\"valueRequired\":true,\"valueName\":\"search_term_string\"}}],\"inLanguage\":\"es\"}]}<\/script>\n<!-- \/ Yoast SEO plugin. -->","yoast_head_json":{"title":"Privacy Policy - Everything Trading","robots":{"index":"index","follow":"follow","max-snippet":"max-snippet:-1","max-image-preview":"max-image-preview:large","max-video-preview":"max-video-preview:-1"},"canonical":"https:\/\/everythingtrading.com\/es\/privacy-policy\/","og_locale":"es_ES","og_type":"article","og_title":"Privacy Policy - Everything Trading","og_description":"Pol\u00edtica de privacidad: c\u00f3mo Everything Trading protege sus datos Esta pol\u00edtica de privacidad se aplica a este sitio web https:\/\/everythingtrading.com, gestionado por Everything Trading Group Ltd., y rige la privacidad de los usuarios que lo utilizan. La pol\u00edtica establece las diferentes \u00e1reas relacionadas con la privacidad del usuario y describe las obligaciones y requisitos de [&hellip;]","og_url":"https:\/\/everythingtrading.com\/es\/privacy-policy\/","og_site_name":"Everything Trading","article_modified_time":"2026-01-23T12:54:54+00:00","og_image":[{"width":1037,"height":816,"url":"https:\/\/everythingtrading.com\/wp-content\/uploads\/2025\/09\/Group-1686566269.png","type":"image\/png"}],"twitter_card":"summary_large_image","twitter_misc":{"Tiempo de lectura":"9 minutos"},"schema":{"@context":"https:\/\/schema.org","@graph":[{"@type":"WebPage","@id":"https:\/\/everythingtrading.com\/es\/privacy-policy\/","url":"https:\/\/everythingtrading.com\/es\/privacy-policy\/","name":"Privacy Policy - Everything Trading","isPartOf":{"@id":"https:\/\/everythingtrading.com\/es\/#website"},"primaryImageOfPage":{"@id":"https:\/\/everythingtrading.com\/es\/privacy-policy\/#primaryimage"},"image":{"@id":"https:\/\/everythingtrading.com\/es\/privacy-policy\/#primaryimage"},"thumbnailUrl":"https:\/\/everythingtrading.com\/wp-content\/uploads\/2025\/09\/Group-1686566269.png","datePublished":"2020-09-30T14:42:31+00:00","dateModified":"2026-01-23T12:54:54+00:00","breadcrumb":{"@id":"https:\/\/everythingtrading.com\/es\/privacy-policy\/#breadcrumb"},"inLanguage":"es","potentialAction":[{"@type":"ReadAction","target":["https:\/\/everythingtrading.com\/es\/privacy-policy\/"]}]},{"@type":"ImageObject","inLanguage":"es","@id":"https:\/\/everythingtrading.com\/es\/privacy-policy\/#primaryimage","url":"https:\/\/everythingtrading.com\/wp-content\/uploads\/2025\/09\/Group-1686566269.png","contentUrl":"https:\/\/everythingtrading.com\/wp-content\/uploads\/2025\/09\/Group-1686566269.png","width":1037,"height":816},{"@type":"BreadcrumbList","@id":"https:\/\/everythingtrading.com\/es\/privacy-policy\/#breadcrumb","itemListElement":[{"@type":"ListItem","position":1,"name":"Home","item":"https:\/\/everythingtrading.com\/es\/"},{"@type":"ListItem","position":2,"name":"Privacy Policy"}]},{"@type":"WebSite","@id":"https:\/\/everythingtrading.com\/es\/#website","url":"https:\/\/everythingtrading.com\/es\/","name":"Everything Trading","description":"Learn the Art of Financial Freedom","potentialAction":[{"@type":"SearchAction","target":{"@type":"EntryPoint","urlTemplate":"https:\/\/everythingtrading.com\/es\/?s={search_term_string}"},"query-input":{"@type":"PropertyValueSpecification","valueRequired":true,"valueName":"search_term_string"}}],"inLanguage":"es"}]}},"_links":{"self":[{"href":"https:\/\/everythingtrading.com\/es\/wp-json\/wp\/v2\/pages\/84594","targetHints":{"allow":["GET"]}}],"collection":[{"href":"https:\/\/everythingtrading.com\/es\/wp-json\/wp\/v2\/pages"}],"about":[{"href":"https:\/\/everythingtrading.com\/es\/wp-json\/wp\/v2\/types\/page"}],"author":[{"embeddable":true,"href":"https:\/\/everythingtrading.com\/es\/wp-json\/wp\/v2\/users\/141"}],"replies":[{"embeddable":true,"href":"https:\/\/everythingtrading.com\/es\/wp-json\/wp\/v2\/comments?post=84594"}],"version-history":[{"count":0,"href":"https:\/\/everythingtrading.com\/es\/wp-json\/wp\/v2\/pages\/84594\/revisions"}],"wp:featuredmedia":[{"embeddable":true,"href":"https:\/\/everythingtrading.com\/es\/wp-json\/wp\/v2\/media\/81209"}],"wp:attachment":[{"href":"https:\/\/everythingtrading.com\/es\/wp-json\/wp\/v2\/media?parent=84594"}],"curies":[{"name":"wp","href":"https:\/\/api.w.org\/{rel}","templated":true}]}}