{"id":84681,"date":"2025-09-03T13:31:00","date_gmt":"2025-09-03T13:31:00","guid":{"rendered":"https:\/\/everythingtrading.com\/?page_id=84681"},"modified":"2026-01-26T09:49:39","modified_gmt":"2026-01-26T09:49:39","slug":"about-us","status":"publish","type":"page","link":"https:\/\/everythingtrading.com\/vi\/about-us\/","title":{"rendered":"About Us"},"content":{"rendered":"\t\t<div data-elementor-type=\"wp-page\" data-elementor-id=\"84681\" class=\"elementor elementor-84681 elementor-80972\" data-elementor-post-type=\"page\">\n\t\t\t\t\t\t<section class=\"elementor-section elementor-top-section elementor-element elementor-element-f36e6c4 elementor-section-boxed elementor-section-height-default elementor-section-height-default\" data-id=\"f36e6c4\" data-element_type=\"section\" data-settings=\"{&quot;background_background&quot;:&quot;classic&quot;}\">\n\t\t\t\t\t\t<div class=\"elementor-container elementor-column-gap-default\">\n\t\t\t\t\t<div class=\"elementor-column elementor-col-100 elementor-top-column elementor-element elementor-element-5075217\" data-id=\"5075217\" data-element_type=\"column\">\n\t\t\t<div class=\"elementor-widget-wrap elementor-element-populated\">\n\t\t\t\t\t\t<div class=\"elementor-element elementor-element-6822cea elementor-widget elementor-widget-heading\" data-id=\"6822cea\" data-element_type=\"widget\" data-widget_type=\"heading.default\">\n\t\t\t\t<div class=\"elementor-widget-container\">\n\t\t\t\t\t<h1 class=\"elementor-heading-title elementor-size-default\">T\u1ea5t c\u1ea3 <br \/> V\u1ec1 ch\u00fang t\u00f4i<\/h1>\t\t\t\t<\/div>\n\t\t\t\t<\/div>\n\t\t\t\t<div class=\"elementor-element elementor-element-829d19e elementor-align-center elementor-widget elementor-widget-button\" data-id=\"829d19e\" data-element_type=\"widget\" data-widget_type=\"button.default\">\n\t\t\t\t<div class=\"elementor-widget-container\">\n\t\t\t\t\t\t\t\t\t<div class=\"elementor-button-wrapper\">\n\t\t\t\t\t<a class=\"elementor-button elementor-button-link elementor-size-sm\" href=\"https:\/\/plus.everythingtrading.com\/registration\/\">\n\t\t\t\t\t\t<span class=\"elementor-button-content-wrapper\">\n\t\t\t\t\t\t\t\t\t<span class=\"elementor-button-text\">H\u00e3y b\u1eaft \u0111\u1ea7u n\u00e0o!<\/span>\n\t\t\t\t\t<\/span>\n\t\t\t\t\t<\/a>\n\t\t\t\t<\/div>\n\t\t\t\t\t\t\t\t<\/div>\n\t\t\t\t<\/div>\n\t\t\t\t\t<\/div>\n\t\t<\/div>\n\t\t\t\t\t<\/div>\n\t\t<\/section>\n\t\t\t\t<section class=\"elementor-section elementor-top-section elementor-element elementor-element-13e05bf elementor-section-full_width elementor-section-height-default elementor-section-height-default\" data-id=\"13e05bf\" data-element_type=\"section\" data-settings=\"{&quot;background_background&quot;:&quot;classic&quot;}\">\n\t\t\t\t\t\t<div class=\"elementor-container elementor-column-gap-default\">\n\t\t\t\t\t<div class=\"elementor-column elementor-col-100 elementor-top-column elementor-element elementor-element-8581f16\" data-id=\"8581f16\" data-element_type=\"column\">\n\t\t\t<div class=\"elementor-widget-wrap elementor-element-populated\">\n\t\t\t\t\t\t<section class=\"elementor-section elementor-inner-section elementor-element elementor-element-2cecc74 elementor-section-boxed elementor-section-height-default elementor-section-height-default\" data-id=\"2cecc74\" data-element_type=\"section\">\n\t\t\t\t\t\t<div class=\"elementor-container elementor-column-gap-custom\">\n\t\t\t\t\t<div class=\"elementor-column elementor-col-50 elementor-inner-column elementor-element elementor-element-18bd4e4\" data-id=\"18bd4e4\" data-element_type=\"column\">\n\t\t\t<div class=\"elementor-widget-wrap elementor-element-populated\">\n\t\t\t\t\t\t<div class=\"elementor-element elementor-element-fdd9f0e elementor-widget elementor-widget-heading\" data-id=\"fdd9f0e\" data-element_type=\"widget\" data-widget_type=\"heading.default\">\n\t\t\t\t<div class=\"elementor-widget-container\">\n\t\t\t\t\t<h2 class=\"elementor-heading-title elementor-size-default\">Ch\u00fang t\u00f4i l\u00e0 ai<\/h2>\t\t\t\t<\/div>\n\t\t\t\t<\/div>\n\t\t\t\t\t<\/div>\n\t\t<\/div>\n\t\t\t\t<div class=\"elementor-column elementor-col-50 elementor-inner-column elementor-element elementor-element-089a98c\" data-id=\"089a98c\" data-element_type=\"column\">\n\t\t\t<div class=\"elementor-widget-wrap elementor-element-populated\">\n\t\t\t\t\t\t<div class=\"elementor-element elementor-element-e5c16f7 elementor-widget elementor-widget-text-editor\" data-id=\"e5c16f7\" data-element_type=\"widget\" data-widget_type=\"text-editor.default\">\n\t\t\t\t<div class=\"elementor-widget-container\">\n\t\t\t\t\t\t\t\t\t<p>Ch\u00fang t\u00f4i l\u00e0 \u0111i\u1ec3m \u0111\u1ebfn duy nh\u1ea5t \u0111\u00e1p \u1ee9ng m\u1ecdi nhu c\u1ea7u giao d\u1ecbch c\u1ee7a b\u1ea1n. H\u00e0nh tr\u00ecnh c\u1ee7a ch\u00fang t\u00f4i b\u1eaft \u0111\u1ea7u t\u1eeb m\u1ed9t \u00fd t\u01b0\u1edfng \u0111\u01a1n gi\u1ea3n nh\u01b0ng m\u1ea1nh m\u1ebd: t\u1ea1o ra m\u1ed9t c\u1ed9ng \u0111\u1ed3ng giao d\u1ecbch th\u1ecbnh v\u01b0\u1ee3ng d\u00e0nh cho nh\u00e0 giao d\u1ecbch hi\u1ec7n \u0111\u1ea1i. Ch\u00fang t\u00f4i cam k\u1ebft h\u1ed7 tr\u1ee3 s\u1ef1 ph\u00e1t tri\u1ec3n c\u1ee7a b\u1ea1n, n\u00e2ng cao k\u1ef9 n\u0103ng v\u00e0 l\u00e0m gi\u00e0u ki\u1ebfn \u200b\u200bth\u1ee9c t\u00e0i ch\u00ednh \u0111\u1ec3 gi\u00fap b\u1ea1n th\u00e0nh c\u00f4ng trong th\u1ebf gi\u1edbi \u0111\u1ea7u t\u01b0.<\/p><p>Khu v\u1ef1c d\u00e0nh cho th\u00e0nh vi\u00ean c\u1ee7a ch\u00fang t\u00f4i, mi\u1ec5n ph\u00ed v\u00e0 m\u1edf c\u1eeda cho t\u1ea5t c\u1ea3 m\u1ecdi ng\u01b0\u1eddi, ph\u1ea3n \u00e1nh cam k\u1ebft c\u1ee7a ch\u00fang t\u00f4i v\u1ec1 t\u00ednh to\u00e0n di\u1ec7n trong giao d\u1ecbch. \u0110\u00e2y l\u00e0 trung t\u00e2m n\u01a1i c\u1ea3 ng\u01b0\u1eddi m\u1edbi b\u1eaft \u0111\u1ea7u v\u00e0 chuy\u00ean gia \u0111\u1ec1u c\u00f3 th\u1ec3 truy c\u1eadp v\u00e0o c\u00e1c Ph\u00f2ng Giao d\u1ecbch Tr\u1ef1c ti\u1ebfp n\u0103ng \u0111\u1ed9ng \u0111\u1ec3 nh\u1eadn \u0111\u01b0\u1ee3c nh\u1eefng ph\u00e2n t\u00edch chuy\u00ean gia theo th\u1eddi gian th\u1ef1c, \u0111\u01b0\u1ee3c b\u1ed5 sung b\u1edfi c\u00e1c kh\u00f3a h\u1ecdc to\u00e0n di\u1ec7n, h\u1ed9i th\u1ea3o tr\u1ef1c tuy\u1ebfn v\u00e0 c\u00e1c c\u00f4ng c\u1ee5 cao c\u1ea5p.<\/p>\t\t\t\t\t\t\t\t<\/div>\n\t\t\t\t<\/div>\n\t\t\t\t<div class=\"elementor-element elementor-element-e6d14be elementor-align-left elementor-mobile-align-center elementor-widget elementor-widget-button\" data-id=\"e6d14be\" data-element_type=\"widget\" data-widget_type=\"button.default\">\n\t\t\t\t<div class=\"elementor-widget-container\">\n\t\t\t\t\t\t\t\t\t<div class=\"elementor-button-wrapper\">\n\t\t\t\t\t<a class=\"elementor-button elementor-button-link elementor-size-sm\" href=\"https:\/\/plus.everythingtrading.com\/registration\/\">\n\t\t\t\t\t\t<span class=\"elementor-button-content-wrapper\">\n\t\t\t\t\t\t\t\t\t<span class=\"elementor-button-text\">Truy c\u1eadp ngay<\/span>\n\t\t\t\t\t<\/span>\n\t\t\t\t\t<\/a>\n\t\t\t\t<\/div>\n\t\t\t\t\t\t\t\t<\/div>\n\t\t\t\t<\/div>\n\t\t\t\t\t<\/div>\n\t\t<\/div>\n\t\t\t\t\t<\/div>\n\t\t<\/section>\n\t\t\t\t\t<\/div>\n\t\t<\/div>\n\t\t\t\t\t<\/div>\n\t\t<\/section>\n\t\t\t\t<section class=\"elementor-section elementor-top-section elementor-element elementor-element-172d2ed elementor-section-full_width elementor-section-height-default elementor-section-height-default\" data-id=\"172d2ed\" data-element_type=\"section\" data-settings=\"{&quot;background_background&quot;:&quot;classic&quot;}\">\n\t\t\t\t\t\t<div class=\"elementor-container elementor-column-gap-default\">\n\t\t\t\t\t<div class=\"elementor-column elementor-col-100 elementor-top-column elementor-element elementor-element-21b987c\" data-id=\"21b987c\" data-element_type=\"column\">\n\t\t\t<div class=\"elementor-widget-wrap elementor-element-populated\">\n\t\t\t\t\t\t<section class=\"elementor-section elementor-inner-section elementor-element elementor-element-cfce0fb elementor-section-boxed elementor-section-height-default elementor-section-height-default\" data-id=\"cfce0fb\" data-element_type=\"section\">\n\t\t\t\t\t\t<div class=\"elementor-container elementor-column-gap-default\">\n\t\t\t\t\t<div class=\"elementor-column elementor-col-50 elementor-inner-column elementor-element elementor-element-b0b537c\" data-id=\"b0b537c\" data-element_type=\"column\">\n\t\t\t<div class=\"elementor-widget-wrap elementor-element-populated\">\n\t\t\t\t\t\t<div class=\"elementor-element elementor-element-ab80d82 elementor-widget elementor-widget-heading\" data-id=\"ab80d82\" data-element_type=\"widget\" data-widget_type=\"heading.default\">\n\t\t\t\t<div class=\"elementor-widget-container\">\n\t\t\t\t\t<h3 class=\"elementor-heading-title elementor-size-default\">S\u1ee9 m\u1ec7nh c\u1ee7a ch\u00fang t\u00f4i l\u00e0 g\u00ec?<\/h3>\t\t\t\t<\/div>\n\t\t\t\t<\/div>\n\t\t\t\t<div class=\"elementor-element elementor-element-4dde3c9 elementor-widget elementor-widget-heading\" data-id=\"4dde3c9\" data-element_type=\"widget\" data-widget_type=\"heading.default\">\n\t\t\t\t<div class=\"elementor-widget-container\">\n\t\t\t\t\t<h3 class=\"elementor-heading-title elementor-size-default\">Everything Trading c\u00f3 m\u1eb7t \u1edf \u0111\u00e2y \u0111\u1ec3 n\u00e2ng t\u1ea7m giao d\u1ecbch c\u1ee7a b\u1ea1n.<\/h3>\t\t\t\t<\/div>\n\t\t\t\t<\/div>\n\t\t\t\t<div class=\"elementor-element elementor-element-f7b3301 elementor-widget elementor-widget-text-editor\" data-id=\"f7b3301\" data-element_type=\"widget\" data-widget_type=\"text-editor.default\">\n\t\t\t\t<div class=\"elementor-widget-container\">\n\t\t\t\t\t\t\t\t\t<p>Everything Trading ra \u0111\u1eddi \u0111\u1ec3 n\u00e2ng t\u1ea7m h\u00e0nh tr\u00ecnh \u0111\u1ea7u t\u01b0 c\u1ee7a b\u1ea1n. S\u1ee9 m\u1ec7nh c\u1ee7a ch\u00fang t\u00f4i r\u1ea5t \u0111\u01a1n gi\u1ea3n: cung c\u1ea5p cho c\u00e1c nh\u00e0 giao d\u1ecbch nh\u1eefng c\u00f4ng c\u1ee5 v\u00e0 ki\u1ebfn \u200b\u200bth\u1ee9c c\u1ea7n thi\u1ebft \u0111\u1ec3 th\u00e0nh c\u00f4ng tr\u00ean th\u1ecb tr\u01b0\u1eddng t\u00e0i ch\u00ednh.<\/p><p>L\u00e0 th\u00e0nh vi\u00ean, b\u1ea1n s\u1ebd \u0111\u01b0\u1ee3c h\u01b0\u1edfng nhi\u1ec1u ngu\u1ed3n t\u00e0i nguy\u00ean \u0111a d\u1ea1ng, t\u1eeb nh\u1eefng ph\u00e2n t\u00edch th\u1ecb tr\u01b0\u1eddng h\u00e0ng ng\u00e0y v\u00e0 ph\u00e2n t\u00edch k\u1ef9 thu\u1eadt n\u00e2ng cao \u0111\u1ebfn m\u1ed9t lo\u1ea1t c\u00e1c c\u00f4ng c\u1ee5 v\u00e0 chi\u1ebfn l\u01b0\u1ee3c giao d\u1ecbch. B\u1ea5t k\u1ec3 tr\u00ecnh \u0111\u1ed9 kinh nghi\u1ec7m c\u1ee7a b\u1ea1n l\u00e0 g\u00ec, ch\u00fang t\u00f4i lu\u00f4n t\u1eadn t\u00e2m gi\u00fap b\u1ea1n \u0111\u1ea1t \u0111\u01b0\u1ee3c m\u1ee5c ti\u00eau t\u00e0i ch\u00ednh c\u1ee7a m\u00ecnh.<\/p><p>H\u00e3y tham gia c\u00f9ng ch\u00fang t\u00f4i ngay h\u00f4m nay v\u00e0 kh\u00e1m ph\u00e1 tr\u1ea3i nghi\u1ec7m giao d\u1ecbch \u0111\u01b0\u1ee3c t\u1ed1i \u01b0u h\u00f3a, \u0111\u1ea7y \u0111\u1ee7 th\u00f4ng tin v\u00e0 mang l\u1ea1i nhi\u1ec1u l\u1ee3i \u00edch.<\/p>\t\t\t\t\t\t\t\t<\/div>\n\t\t\t\t<\/div>\n\t\t\t\t<div class=\"elementor-element elementor-element-f8a8d02 elementor-align-left elementor-tablet-align-center elementor-widget elementor-widget-button\" data-id=\"f8a8d02\" data-element_type=\"widget\" data-widget_type=\"button.default\">\n\t\t\t\t<div class=\"elementor-widget-container\">\n\t\t\t\t\t\t\t\t\t<div class=\"elementor-button-wrapper\">\n\t\t\t\t\t<a class=\"elementor-button elementor-button-link elementor-size-sm\" href=\"https:\/\/plus.everythingtrading.com\/registration\/\">\n\t\t\t\t\t\t<span class=\"elementor-button-content-wrapper\">\n\t\t\t\t\t\t\t\t\t<span class=\"elementor-button-text\">Tham gia ngay<\/span>\n\t\t\t\t\t<\/span>\n\t\t\t\t\t<\/a>\n\t\t\t\t<\/div>\n\t\t\t\t\t\t\t\t<\/div>\n\t\t\t\t<\/div>\n\t\t\t\t\t<\/div>\n\t\t<\/div>\n\t\t\t\t<div class=\"elementor-column elementor-col-50 elementor-inner-column elementor-element elementor-element-07e74b6\" data-id=\"07e74b6\" data-element_type=\"column\">\n\t\t\t<div class=\"elementor-widget-wrap elementor-element-populated\">\n\t\t\t\t\t\t<div class=\"elementor-element elementor-element-3aa336f elementor-widget-tablet__width-inherit elementor-widget elementor-widget-image\" data-id=\"3aa336f\" data-element_type=\"widget\" data-widget_type=\"image.default\">\n\t\t\t\t<div class=\"elementor-widget-container\">\n\t\t\t\t\t\t\t\t\t\t\t\t\t\t\t<img fetchpriority=\"high\" decoding=\"async\" width=\"1072\" height=\"1342\" src=\"https:\/\/everythingtrading.com\/wp-content\/uploads\/2025\/09\/Rectangle-1-1.png\" class=\"attachment-full size-full wp-image-81907\" alt=\"\" srcset=\"https:\/\/everythingtrading.com\/wp-content\/uploads\/2025\/09\/Rectangle-1-1.png 1072w, https:\/\/everythingtrading.com\/wp-content\/uploads\/2025\/09\/Rectangle-1-1-768x961.png 768w\" sizes=\"(max-width: 1072px) 100vw, 1072px\" \/>\t\t\t\t\t\t\t\t\t\t\t\t\t\t\t<\/div>\n\t\t\t\t<\/div>\n\t\t\t\t\t<\/div>\n\t\t<\/div>\n\t\t\t\t\t<\/div>\n\t\t<\/section>\n\t\t\t\t\t<\/div>\n\t\t<\/div>\n\t\t\t\t\t<\/div>\n\t\t<\/section>\n\t\t\t\t<\/div>\n\t\t","protected":false},"excerpt":{"rendered":"<p>T\u1ea5t c\u1ea3 V\u1ec1 ch\u00fang t\u00f4i H\u00e3y b\u1eaft \u0111\u1ea7u n\u00e0o! Ch\u00fang t\u00f4i l\u00e0 ai Ch\u00fang t\u00f4i l\u00e0 \u0111i\u1ec3m \u0111\u1ebfn duy nh\u1ea5t \u0111\u00e1p \u1ee9ng m\u1ecdi nhu c\u1ea7u giao d\u1ecbch c\u1ee7a b\u1ea1n. H\u00e0nh tr\u00ecnh c\u1ee7a ch\u00fang t\u00f4i b\u1eaft \u0111\u1ea7u t\u1eeb m\u1ed9t \u00fd t\u01b0\u1edfng \u0111\u01a1n gi\u1ea3n nh\u01b0ng m\u1ea1nh m\u1ebd: t\u1ea1o ra m\u1ed9t c\u1ed9ng \u0111\u1ed3ng giao d\u1ecbch th\u1ecbnh v\u01b0\u1ee3ng d\u00e0nh [&hellip;]<\/p>\n","protected":false},"author":141,"featured_media":0,"parent":0,"menu_order":0,"comment_status":"closed","ping_status":"closed","template":"","meta":{"footnotes":""},"class_list":["post-84681","page","type-page","status-publish","hentry"],"yoast_head":"<!-- This site is optimized with the Yoast SEO plugin v26.8 - https:\/\/yoast.com\/product\/yoast-seo-wordpress\/ -->\n<title>About Us - Everything Trading<\/title>\n<meta name=\"robots\" content=\"index, follow, max-snippet:-1, max-image-preview:large, max-video-preview:-1\" \/>\n<link rel=\"canonical\" href=\"https:\/\/everythingtrading.com\/vi\/about-us\/\" \/>\n<meta property=\"og:locale\" content=\"vi_VN\" \/>\n<meta property=\"og:type\" content=\"article\" \/>\n<meta property=\"og:title\" content=\"About Us - Everything Trading\" \/>\n<meta property=\"og:description\" content=\"T\u1ea5t c\u1ea3 V\u1ec1 ch\u00fang t\u00f4i H\u00e3y b\u1eaft \u0111\u1ea7u n\u00e0o! Ch\u00fang t\u00f4i l\u00e0 ai Ch\u00fang t\u00f4i l\u00e0 \u0111i\u1ec3m \u0111\u1ebfn duy nh\u1ea5t \u0111\u00e1p \u1ee9ng m\u1ecdi nhu c\u1ea7u giao d\u1ecbch c\u1ee7a b\u1ea1n. H\u00e0nh tr\u00ecnh c\u1ee7a ch\u00fang t\u00f4i b\u1eaft \u0111\u1ea7u t\u1eeb m\u1ed9t \u00fd t\u01b0\u1edfng \u0111\u01a1n gi\u1ea3n nh\u01b0ng m\u1ea1nh m\u1ebd: t\u1ea1o ra m\u1ed9t c\u1ed9ng \u0111\u1ed3ng giao d\u1ecbch th\u1ecbnh v\u01b0\u1ee3ng d\u00e0nh [&hellip;]\" \/>\n<meta property=\"og:url\" content=\"https:\/\/everythingtrading.com\/vi\/about-us\/\" \/>\n<meta property=\"og:site_name\" content=\"Everything Trading\" \/>\n<meta property=\"article:modified_time\" content=\"2026-01-26T09:49:39+00:00\" \/>\n<meta property=\"og:image\" content=\"https:\/\/everythingtrading.com\/wp-content\/uploads\/2025\/09\/Rectangle-1-1.png\" \/>\n\t<meta property=\"og:image:width\" content=\"1072\" \/>\n\t<meta property=\"og:image:height\" content=\"1342\" \/>\n\t<meta property=\"og:image:type\" content=\"image\/png\" \/>\n<meta name=\"twitter:card\" content=\"summary_large_image\" \/>\n<meta name=\"twitter:label1\" content=\"Est. reading time\" \/>\n\t<meta name=\"twitter:data1\" content=\"3 minutes\" \/>\n<script type=\"application\/ld+json\" class=\"yoast-schema-graph\">{\"@context\":\"https:\/\/schema.org\",\"@graph\":[{\"@type\":\"WebPage\",\"@id\":\"https:\/\/everythingtrading.com\/vi\/about-us\/\",\"url\":\"https:\/\/everythingtrading.com\/vi\/about-us\/\",\"name\":\"About Us - Everything Trading\",\"isPartOf\":{\"@id\":\"https:\/\/everythingtrading.com\/vi\/#website\"},\"primaryImageOfPage\":{\"@id\":\"https:\/\/everythingtrading.com\/vi\/about-us\/#primaryimage\"},\"image\":{\"@id\":\"https:\/\/everythingtrading.com\/vi\/about-us\/#primaryimage\"},\"thumbnailUrl\":\"https:\/\/everythingtrading.com\/wp-content\/uploads\/2025\/09\/Rectangle-1-1.png\",\"datePublished\":\"2025-09-03T13:31:00+00:00\",\"dateModified\":\"2026-01-26T09:49:39+00:00\",\"breadcrumb\":{\"@id\":\"https:\/\/everythingtrading.com\/vi\/about-us\/#breadcrumb\"},\"inLanguage\":\"vi-VN\",\"potentialAction\":[{\"@type\":\"ReadAction\",\"target\":[\"https:\/\/everythingtrading.com\/vi\/about-us\/\"]}]},{\"@type\":\"ImageObject\",\"inLanguage\":\"vi-VN\",\"@id\":\"https:\/\/everythingtrading.com\/vi\/about-us\/#primaryimage\",\"url\":\"https:\/\/everythingtrading.com\/wp-content\/uploads\/2025\/09\/Rectangle-1-1.png\",\"contentUrl\":\"https:\/\/everythingtrading.com\/wp-content\/uploads\/2025\/09\/Rectangle-1-1.png\"},{\"@type\":\"BreadcrumbList\",\"@id\":\"https:\/\/everythingtrading.com\/vi\/about-us\/#breadcrumb\",\"itemListElement\":[{\"@type\":\"ListItem\",\"position\":1,\"name\":\"Home\",\"item\":\"https:\/\/everythingtrading.com\/vi\/\"},{\"@type\":\"ListItem\",\"position\":2,\"name\":\"About Us\"}]},{\"@type\":\"WebSite\",\"@id\":\"https:\/\/everythingtrading.com\/vi\/#website\",\"url\":\"https:\/\/everythingtrading.com\/vi\/\",\"name\":\"Everything Trading\",\"description\":\"Learn the Art of Financial Freedom\",\"potentialAction\":[{\"@type\":\"SearchAction\",\"target\":{\"@type\":\"EntryPoint\",\"urlTemplate\":\"https:\/\/everythingtrading.com\/vi\/?s={search_term_string}\"},\"query-input\":{\"@type\":\"PropertyValueSpecification\",\"valueRequired\":true,\"valueName\":\"search_term_string\"}}],\"inLanguage\":\"vi-VN\"}]}<\/script>\n<!-- \/ Yoast SEO plugin. -->","yoast_head_json":{"title":"About Us - Everything Trading","robots":{"index":"index","follow":"follow","max-snippet":"max-snippet:-1","max-image-preview":"max-image-preview:large","max-video-preview":"max-video-preview:-1"},"canonical":"https:\/\/everythingtrading.com\/vi\/about-us\/","og_locale":"vi_VN","og_type":"article","og_title":"About Us - Everything Trading","og_description":"T\u1ea5t c\u1ea3 V\u1ec1 ch\u00fang t\u00f4i H\u00e3y b\u1eaft \u0111\u1ea7u n\u00e0o! Ch\u00fang t\u00f4i l\u00e0 ai Ch\u00fang t\u00f4i l\u00e0 \u0111i\u1ec3m \u0111\u1ebfn duy nh\u1ea5t \u0111\u00e1p \u1ee9ng m\u1ecdi nhu c\u1ea7u giao d\u1ecbch c\u1ee7a b\u1ea1n. H\u00e0nh tr\u00ecnh c\u1ee7a ch\u00fang t\u00f4i b\u1eaft \u0111\u1ea7u t\u1eeb m\u1ed9t \u00fd t\u01b0\u1edfng \u0111\u01a1n gi\u1ea3n nh\u01b0ng m\u1ea1nh m\u1ebd: t\u1ea1o ra m\u1ed9t c\u1ed9ng \u0111\u1ed3ng giao d\u1ecbch th\u1ecbnh v\u01b0\u1ee3ng d\u00e0nh [&hellip;]","og_url":"https:\/\/everythingtrading.com\/vi\/about-us\/","og_site_name":"Everything Trading","article_modified_time":"2026-01-26T09:49:39+00:00","og_image":[{"width":1072,"height":1342,"url":"https:\/\/everythingtrading.com\/wp-content\/uploads\/2025\/09\/Rectangle-1-1.png","type":"image\/png"}],"twitter_card":"summary_large_image","twitter_misc":{"Est. reading time":"3 minutes"},"schema":{"@context":"https:\/\/schema.org","@graph":[{"@type":"WebPage","@id":"https:\/\/everythingtrading.com\/vi\/about-us\/","url":"https:\/\/everythingtrading.com\/vi\/about-us\/","name":"About Us - Everything Trading","isPartOf":{"@id":"https:\/\/everythingtrading.com\/vi\/#website"},"primaryImageOfPage":{"@id":"https:\/\/everythingtrading.com\/vi\/about-us\/#primaryimage"},"image":{"@id":"https:\/\/everythingtrading.com\/vi\/about-us\/#primaryimage"},"thumbnailUrl":"https:\/\/everythingtrading.com\/wp-content\/uploads\/2025\/09\/Rectangle-1-1.png","datePublished":"2025-09-03T13:31:00+00:00","dateModified":"2026-01-26T09:49:39+00:00","breadcrumb":{"@id":"https:\/\/everythingtrading.com\/vi\/about-us\/#breadcrumb"},"inLanguage":"vi-VN","potentialAction":[{"@type":"ReadAction","target":["https:\/\/everythingtrading.com\/vi\/about-us\/"]}]},{"@type":"ImageObject","inLanguage":"vi-VN","@id":"https:\/\/everythingtrading.com\/vi\/about-us\/#primaryimage","url":"https:\/\/everythingtrading.com\/wp-content\/uploads\/2025\/09\/Rectangle-1-1.png","contentUrl":"https:\/\/everythingtrading.com\/wp-content\/uploads\/2025\/09\/Rectangle-1-1.png"},{"@type":"BreadcrumbList","@id":"https:\/\/everythingtrading.com\/vi\/about-us\/#breadcrumb","itemListElement":[{"@type":"ListItem","position":1,"name":"Home","item":"https:\/\/everythingtrading.com\/vi\/"},{"@type":"ListItem","position":2,"name":"About Us"}]},{"@type":"WebSite","@id":"https:\/\/everythingtrading.com\/vi\/#website","url":"https:\/\/everythingtrading.com\/vi\/","name":"Everything Trading","description":"Learn the Art of Financial Freedom","potentialAction":[{"@type":"SearchAction","target":{"@type":"EntryPoint","urlTemplate":"https:\/\/everythingtrading.com\/vi\/?s={search_term_string}"},"query-input":{"@type":"PropertyValueSpecification","valueRequired":true,"valueName":"search_term_string"}}],"inLanguage":"vi-VN"}]}},"_links":{"self":[{"href":"https:\/\/everythingtrading.com\/vi\/wp-json\/wp\/v2\/pages\/84681","targetHints":{"allow":["GET"]}}],"collection":[{"href":"https:\/\/everythingtrading.com\/vi\/wp-json\/wp\/v2\/pages"}],"about":[{"href":"https:\/\/everythingtrading.com\/vi\/wp-json\/wp\/v2\/types\/page"}],"author":[{"embeddable":true,"href":"https:\/\/everythingtrading.com\/vi\/wp-json\/wp\/v2\/users\/141"}],"replies":[{"embeddable":true,"href":"https:\/\/everythingtrading.com\/vi\/wp-json\/wp\/v2\/comments?post=84681"}],"version-history":[{"count":0,"href":"https:\/\/everythingtrading.com\/vi\/wp-json\/wp\/v2\/pages\/84681\/revisions"}],"wp:attachment":[{"href":"https:\/\/everythingtrading.com\/vi\/wp-json\/wp\/v2\/media?parent=84681"}],"curies":[{"name":"wp","href":"https:\/\/api.w.org\/{rel}","templated":true}]}}