{"id":84684,"date":"2025-09-03T13:31:35","date_gmt":"2025-09-03T13:31:35","guid":{"rendered":"https:\/\/everythingtrading.com\/?page_id=84684"},"modified":"2026-01-26T09:56:12","modified_gmt":"2026-01-26T09:56:12","slug":"contact-us","status":"publish","type":"page","link":"https:\/\/everythingtrading.com\/vi\/contact-us\/","title":{"rendered":"Contact Us"},"content":{"rendered":"\t\t<div data-elementor-type=\"wp-page\" data-elementor-id=\"84684\" class=\"elementor elementor-84684 elementor-80974\" data-elementor-post-type=\"page\">\n\t\t\t\t\t\t<section class=\"elementor-section elementor-top-section elementor-element elementor-element-9d86ee2 elementor-section-boxed elementor-section-height-default elementor-section-height-default\" data-id=\"9d86ee2\" data-element_type=\"section\" data-settings=\"{&quot;background_background&quot;:&quot;classic&quot;}\">\n\t\t\t\t\t\t<div class=\"elementor-container elementor-column-gap-default\">\n\t\t\t\t\t<div class=\"elementor-column elementor-col-100 elementor-top-column elementor-element elementor-element-bc0fabf\" data-id=\"bc0fabf\" data-element_type=\"column\">\n\t\t\t<div class=\"elementor-widget-wrap elementor-element-populated\">\n\t\t\t\t\t\t<div class=\"elementor-element elementor-element-346a722 elementor-widget elementor-widget-heading\" data-id=\"346a722\" data-element_type=\"widget\" data-widget_type=\"heading.default\">\n\t\t\t\t<div class=\"elementor-widget-container\">\n\t\t\t\t\t<h1 class=\"elementor-heading-title elementor-size-default\">Ch\u00fang t\u00f4i c\u00f3 th\u1ec3<br \/> gi\u00fap g\u00ec cho b\u1ea1n?<\/h1>\t\t\t\t<\/div>\n\t\t\t\t<\/div>\n\t\t\t\t<div class=\"elementor-element elementor-element-5f8a53a elementor-align-center elementor-widget elementor-widget-button\" data-id=\"5f8a53a\" data-element_type=\"widget\" data-widget_type=\"button.default\">\n\t\t\t\t<div class=\"elementor-widget-container\">\n\t\t\t\t\t\t\t\t\t<div class=\"elementor-button-wrapper\">\n\t\t\t\t\t<a class=\"elementor-button elementor-button-link elementor-size-sm\" href=\"https:\/\/plus.everythingtrading.com\/registration\/\">\n\t\t\t\t\t\t<span class=\"elementor-button-content-wrapper\">\n\t\t\t\t\t\t\t\t\t<span class=\"elementor-button-text\">Li\u00ean h\u1ec7 v\u1edbi ch\u00fang t\u00f4i<\/span>\n\t\t\t\t\t<\/span>\n\t\t\t\t\t<\/a>\n\t\t\t\t<\/div>\n\t\t\t\t\t\t\t\t<\/div>\n\t\t\t\t<\/div>\n\t\t\t\t\t<\/div>\n\t\t<\/div>\n\t\t\t\t\t<\/div>\n\t\t<\/section>\n\t\t\t\t<section class=\"elementor-section elementor-top-section elementor-element elementor-element-b44e6fb elementor-section-full_width elementor-section-height-default elementor-section-height-default\" data-id=\"b44e6fb\" data-element_type=\"section\" data-settings=\"{&quot;background_background&quot;:&quot;classic&quot;}\">\n\t\t\t\t\t\t<div class=\"elementor-container elementor-column-gap-default\">\n\t\t\t\t\t<div class=\"elementor-column elementor-col-100 elementor-top-column elementor-element elementor-element-aa0233b\" data-id=\"aa0233b\" data-element_type=\"column\">\n\t\t\t<div class=\"elementor-widget-wrap elementor-element-populated\">\n\t\t\t\t\t\t<section class=\"elementor-section elementor-inner-section elementor-element elementor-element-021de6d elementor-section-boxed elementor-section-height-default elementor-section-height-default\" data-id=\"021de6d\" data-element_type=\"section\">\n\t\t\t\t\t\t<div class=\"elementor-container elementor-column-gap-custom\">\n\t\t\t\t\t<div class=\"elementor-column elementor-col-50 elementor-inner-column elementor-element elementor-element-8cfb2de\" data-id=\"8cfb2de\" data-element_type=\"column\">\n\t\t\t<div class=\"elementor-widget-wrap elementor-element-populated\">\n\t\t\t\t\t\t<div class=\"elementor-element elementor-element-da3872f elementor-widget elementor-widget-heading\" data-id=\"da3872f\" data-element_type=\"widget\" data-widget_type=\"heading.default\">\n\t\t\t\t<div class=\"elementor-widget-container\">\n\t\t\t\t\t<h2 class=\"elementor-heading-title elementor-size-default\">Li\u00ean h\u1ec7 v\u1edbi ch\u00fang t\u00f4i<\/h2>\t\t\t\t<\/div>\n\t\t\t\t<\/div>\n\t\t\t\t<div class=\"elementor-element elementor-element-e26c7fb elementor-widget elementor-widget-text-editor\" data-id=\"e26c7fb\" data-element_type=\"widget\" data-widget_type=\"text-editor.default\">\n\t\t\t\t<div class=\"elementor-widget-container\">\n\t\t\t\t\t\t\t\t\t<p>H\u00e3y li\u00ean h\u1ec7 v\u1edbi nh\u00f3m c\u1ee7a ch\u00fang t\u00f4i \u0111\u1ec3 \u0111\u01b0\u1ee3c gi\u1ea3i \u0111\u00e1p m\u1ecdi th\u1eafc m\u1eafc!<\/p>\t\t\t\t\t\t\t\t<\/div>\n\t\t\t\t<\/div>\n\t\t\t\t<div class=\"elementor-element elementor-element-cf8be7e email-link elementor-widget elementor-widget-text-editor\" data-id=\"cf8be7e\" data-element_type=\"widget\" data-widget_type=\"text-editor.default\">\n\t\t\t\t<div class=\"elementor-widget-container\">\n\t\t\t\t\t\t\t\t\t<p><a href=\"mailto:cs@everythingtrading.com\">cs@everythingtrading.com<\/a><\/p>\t\t\t\t\t\t\t\t<\/div>\n\t\t\t\t<\/div>\n\t\t\t\t<div class=\"elementor-element elementor-element-27e36ea elementor-widget elementor-widget-text-editor\" data-id=\"27e36ea\" data-element_type=\"widget\" data-widget_type=\"text-editor.default\">\n\t\t\t\t<div class=\"elementor-widget-container\">\n\t\t\t\t\t\t\t\t\t<p>Ch\u00fang t\u00f4i s\u1ebd li\u00ean l\u1ea1c l\u1ea1i v\u1edbi b\u1ea1n trong th\u1eddi gian s\u1edbm nh\u1ea5t.<\/p>\t\t\t\t\t\t\t\t<\/div>\n\t\t\t\t<\/div>\n\t\t\t\t\t<\/div>\n\t\t<\/div>\n\t\t\t\t<div class=\"elementor-column elementor-col-50 elementor-inner-column elementor-element elementor-element-ef7652c gradient-box\" data-id=\"ef7652c\" data-element_type=\"column\">\n\t\t\t<div class=\"elementor-widget-wrap elementor-element-populated\">\n\t\t\t\t\t\t<div class=\"elementor-element elementor-element-130deee elementor-widget elementor-widget-heading\" data-id=\"130deee\" data-element_type=\"widget\" data-widget_type=\"heading.default\">\n\t\t\t\t<div class=\"elementor-widget-container\">\n\t\t\t\t\t<h2 class=\"elementor-heading-title elementor-size-default\">Li\u00ean h\u1ec7 v\u1edbi ch\u00fang t\u00f4i<\/h2>\t\t\t\t<\/div>\n\t\t\t\t<\/div>\n\t\t\t\t<div class=\"elementor-element elementor-element-356a6ef elementor-widget elementor-widget-html\" data-id=\"356a6ef\" data-element_type=\"widget\" data-widget_type=\"html.default\">\n\t\t\t\t<div class=\"elementor-widget-container\">\n\t\t\t\t\t<script charset=\"utf-8\" type=\"text\/javascript\" src=\"\/\/js-eu1.hsforms.net\/forms\/embed\/v2.js\"><\/script>\r\n<script>\r\n  hbspt.forms.create({\r\n    region: \"eu1\",\r\n    portalId: \"25647202\",\r\n    formId: \"cfffc09b-d408-4de5-9199-fa34807e6e79\",\r\n    css:'@import url(\"https:\/\/fonts.googleapis.com\/css2?family=Outfit:wght@200;400;600;800&display=swap\");.hs-input:not([type=file]){background-color:#f5f8fa00}.hs-form{width:100%!important;padding-left:0!important}.hs-form,[id^=hbspt-form],body,html{min-height:0px!important}input[type=email],input[type=number],input[type=phone],input[type=tel],input[type=text],textarea{color:#A1A1A1!important;font-family:\"Neue Haas Grotesk Display Pro, Outfit\";font-size:14px!important;font-weight:500!important;padding:15px 14px!important;border-radius:8px!important;border:1px solid;border-image:linear-gradient(91.29deg,rgba(255,255,255,0.5) 1.09%,#0D1116 50.48%,rgba(255,255,255,0.5) 97.03%) 1;background:0 0!important;box-shadow:0 8px 25px rgba(0,0,0,.15)!important;margin-bottom:20px!important}label{font-size:14px!important;font-weight:500!important;margin-top:5px!important;margin-bottom:6px!important;color:#a1a1a1!important;display:block!important;width:100%!important}.hs_recaptcha{display:none!important}textarea{min-height:150px}#hs-form-iframe-0,iframe.hs-form-iframe{height:550px!important}#hsForm_cfffc09b-d408-4de5-9199-fa34807e6e79 input[type=submit]{text-align:center;font-family:Neue Haas Grotesk Display Pro, Outfit;font-weight:600;font-size:14px;line-height:100%;border-radius:68px!important;padding:16px 28px;background:#9c7afc;color:#fff;border:none!important;width:100%!important;margin-top:28px!important;}.hs_submit .actions{text-align:right;padding-right:0px}input[type=submit]:hover{background:#7D36F1!important;}input::-webkit-input-placeholder,textarea::-webkit-input-placeholder{font-weight:500;color:#A1A1A1;opacity:1!important;font-family:\"Neue Haas Grotesk Display Pro, Outfit\"}input::-moz-placeholder,textarea::-moz-placeholder{font-weight:500;color:#A1A1A1;opacity:1!important;font-family:\"Neue Haas Grotesk Display Pro, Outfit\"}input:-ms-input-placeholder,textarea:-ms-input-placeholder{font-weight:500;color:#A1A1A1;opacity:1!important;font-family:\"Neue Haas Grotesk Display Pro, Outfit\"}input:-moz-placeholder,textarea:-moz-placeholder{font-weight:500;color:#A1A1A1;opacity:1!important;font-family:\"Neue Haas Grotesk Display Pro, Outfit\"}input::placeholder,textarea::placeholder{font-weight:500;color:#A1A1A1;opacity:1!important;font-family:\"Neue Haas Grotesk Display Pro, Outfit\"}label.hs-error-msg.hs-main-font-element{color:red!important}ul.no-list.hs-error-msgs.inputs-list{padding-left:0!important;margin-left:20px!important}.hs_mobilephone.hs-mobilephone.hs-fieldtype-phonenumber.field.hs-form-field{width:49% !important;float:left;margin-left:1%;}.hs_email.hs-email.hs-fieldtype-text.field.hs-form-field{width:49% !important;float:left;margin-right:1%;}@media(max-width:768px){.hs_email.hs-email.hs-fieldtype-text.field.hs-form-field,.hs_mobilephone.hs-mobilephone.hs-fieldtype-phonenumber.field.hs-form-field{width: 100%!important;float: none!important;margin-right: 0%!important;}}'\r\n  });\r\n<\/script>\r\n\t\t\t\t<\/div>\n\t\t\t\t<\/div>\n\t\t\t\t\t<\/div>\n\t\t<\/div>\n\t\t\t\t\t<\/div>\n\t\t<\/section>\n\t\t\t\t\t<\/div>\n\t\t<\/div>\n\t\t\t\t\t<\/div>\n\t\t<\/section>\n\t\t\t\t<\/div>\n\t\t","protected":false},"excerpt":{"rendered":"<p>Ch\u00fang t\u00f4i c\u00f3 th\u1ec3 gi\u00fap g\u00ec cho b\u1ea1n? Li\u00ean h\u1ec7 v\u1edbi ch\u00fang t\u00f4i Li\u00ean h\u1ec7 v\u1edbi ch\u00fang t\u00f4i H\u00e3y li\u00ean h\u1ec7 v\u1edbi nh\u00f3m c\u1ee7a ch\u00fang t\u00f4i \u0111\u1ec3 \u0111\u01b0\u1ee3c gi\u1ea3i \u0111\u00e1p m\u1ecdi th\u1eafc m\u1eafc! cs@everythingtrading.com Ch\u00fang t\u00f4i s\u1ebd li\u00ean l\u1ea1c l\u1ea1i v\u1edbi b\u1ea1n trong th\u1eddi gian s\u1edbm nh\u1ea5t. Li\u00ean h\u1ec7 v\u1edbi ch\u00fang t\u00f4i<\/p>\n","protected":false},"author":141,"featured_media":0,"parent":0,"menu_order":0,"comment_status":"closed","ping_status":"closed","template":"","meta":{"footnotes":""},"class_list":["post-84684","page","type-page","status-publish","hentry"],"yoast_head":"<!-- This site is optimized with the Yoast SEO plugin v26.8 - https:\/\/yoast.com\/product\/yoast-seo-wordpress\/ -->\n<title>Contact Us - Everything Trading<\/title>\n<meta name=\"robots\" content=\"index, follow, max-snippet:-1, max-image-preview:large, max-video-preview:-1\" \/>\n<link rel=\"canonical\" href=\"https:\/\/everythingtrading.com\/vi\/contact-us\/\" \/>\n<meta property=\"og:locale\" content=\"vi_VN\" \/>\n<meta property=\"og:type\" content=\"article\" \/>\n<meta property=\"og:title\" content=\"Contact Us - Everything Trading\" \/>\n<meta property=\"og:description\" content=\"Ch\u00fang t\u00f4i c\u00f3 th\u1ec3 gi\u00fap g\u00ec cho b\u1ea1n? Li\u00ean h\u1ec7 v\u1edbi ch\u00fang t\u00f4i Li\u00ean h\u1ec7 v\u1edbi ch\u00fang t\u00f4i H\u00e3y li\u00ean h\u1ec7 v\u1edbi nh\u00f3m c\u1ee7a ch\u00fang t\u00f4i \u0111\u1ec3 \u0111\u01b0\u1ee3c gi\u1ea3i \u0111\u00e1p m\u1ecdi th\u1eafc m\u1eafc! cs@everythingtrading.com Ch\u00fang t\u00f4i s\u1ebd li\u00ean l\u1ea1c l\u1ea1i v\u1edbi b\u1ea1n trong th\u1eddi gian s\u1edbm nh\u1ea5t. Li\u00ean h\u1ec7 v\u1edbi ch\u00fang t\u00f4i\" \/>\n<meta property=\"og:url\" content=\"https:\/\/everythingtrading.com\/vi\/contact-us\/\" \/>\n<meta property=\"og:site_name\" content=\"Everything Trading\" \/>\n<meta property=\"article:modified_time\" content=\"2026-01-26T09:56:12+00:00\" \/>\n<meta name=\"twitter:card\" content=\"summary_large_image\" \/>\n<meta name=\"twitter:label1\" content=\"Est. reading time\" \/>\n\t<meta name=\"twitter:data1\" content=\"1 minute\" \/>\n<script type=\"application\/ld+json\" class=\"yoast-schema-graph\">{\"@context\":\"https:\/\/schema.org\",\"@graph\":[{\"@type\":\"WebPage\",\"@id\":\"https:\/\/everythingtrading.com\/vi\/contact-us\/\",\"url\":\"https:\/\/everythingtrading.com\/vi\/contact-us\/\",\"name\":\"Contact Us - Everything Trading\",\"isPartOf\":{\"@id\":\"https:\/\/everythingtrading.com\/vi\/#website\"},\"datePublished\":\"2025-09-03T13:31:35+00:00\",\"dateModified\":\"2026-01-26T09:56:12+00:00\",\"breadcrumb\":{\"@id\":\"https:\/\/everythingtrading.com\/vi\/contact-us\/#breadcrumb\"},\"inLanguage\":\"vi-VN\",\"potentialAction\":[{\"@type\":\"ReadAction\",\"target\":[\"https:\/\/everythingtrading.com\/vi\/contact-us\/\"]}]},{\"@type\":\"BreadcrumbList\",\"@id\":\"https:\/\/everythingtrading.com\/vi\/contact-us\/#breadcrumb\",\"itemListElement\":[{\"@type\":\"ListItem\",\"position\":1,\"name\":\"Home\",\"item\":\"https:\/\/everythingtrading.com\/vi\/\"},{\"@type\":\"ListItem\",\"position\":2,\"name\":\"Contact Us\"}]},{\"@type\":\"WebSite\",\"@id\":\"https:\/\/everythingtrading.com\/vi\/#website\",\"url\":\"https:\/\/everythingtrading.com\/vi\/\",\"name\":\"Everything Trading\",\"description\":\"Learn the Art of Financial Freedom\",\"potentialAction\":[{\"@type\":\"SearchAction\",\"target\":{\"@type\":\"EntryPoint\",\"urlTemplate\":\"https:\/\/everythingtrading.com\/vi\/?s={search_term_string}\"},\"query-input\":{\"@type\":\"PropertyValueSpecification\",\"valueRequired\":true,\"valueName\":\"search_term_string\"}}],\"inLanguage\":\"vi-VN\"}]}<\/script>\n<!-- \/ Yoast SEO plugin. -->","yoast_head_json":{"title":"Contact Us - Everything Trading","robots":{"index":"index","follow":"follow","max-snippet":"max-snippet:-1","max-image-preview":"max-image-preview:large","max-video-preview":"max-video-preview:-1"},"canonical":"https:\/\/everythingtrading.com\/vi\/contact-us\/","og_locale":"vi_VN","og_type":"article","og_title":"Contact Us - Everything Trading","og_description":"Ch\u00fang t\u00f4i c\u00f3 th\u1ec3 gi\u00fap g\u00ec cho b\u1ea1n? Li\u00ean h\u1ec7 v\u1edbi ch\u00fang t\u00f4i Li\u00ean h\u1ec7 v\u1edbi ch\u00fang t\u00f4i H\u00e3y li\u00ean h\u1ec7 v\u1edbi nh\u00f3m c\u1ee7a ch\u00fang t\u00f4i \u0111\u1ec3 \u0111\u01b0\u1ee3c gi\u1ea3i \u0111\u00e1p m\u1ecdi th\u1eafc m\u1eafc! cs@everythingtrading.com Ch\u00fang t\u00f4i s\u1ebd li\u00ean l\u1ea1c l\u1ea1i v\u1edbi b\u1ea1n trong th\u1eddi gian s\u1edbm nh\u1ea5t. Li\u00ean h\u1ec7 v\u1edbi ch\u00fang t\u00f4i","og_url":"https:\/\/everythingtrading.com\/vi\/contact-us\/","og_site_name":"Everything Trading","article_modified_time":"2026-01-26T09:56:12+00:00","twitter_card":"summary_large_image","twitter_misc":{"Est. reading time":"1 minute"},"schema":{"@context":"https:\/\/schema.org","@graph":[{"@type":"WebPage","@id":"https:\/\/everythingtrading.com\/vi\/contact-us\/","url":"https:\/\/everythingtrading.com\/vi\/contact-us\/","name":"Contact Us - Everything Trading","isPartOf":{"@id":"https:\/\/everythingtrading.com\/vi\/#website"},"datePublished":"2025-09-03T13:31:35+00:00","dateModified":"2026-01-26T09:56:12+00:00","breadcrumb":{"@id":"https:\/\/everythingtrading.com\/vi\/contact-us\/#breadcrumb"},"inLanguage":"vi-VN","potentialAction":[{"@type":"ReadAction","target":["https:\/\/everythingtrading.com\/vi\/contact-us\/"]}]},{"@type":"BreadcrumbList","@id":"https:\/\/everythingtrading.com\/vi\/contact-us\/#breadcrumb","itemListElement":[{"@type":"ListItem","position":1,"name":"Home","item":"https:\/\/everythingtrading.com\/vi\/"},{"@type":"ListItem","position":2,"name":"Contact Us"}]},{"@type":"WebSite","@id":"https:\/\/everythingtrading.com\/vi\/#website","url":"https:\/\/everythingtrading.com\/vi\/","name":"Everything Trading","description":"Learn the Art of Financial Freedom","potentialAction":[{"@type":"SearchAction","target":{"@type":"EntryPoint","urlTemplate":"https:\/\/everythingtrading.com\/vi\/?s={search_term_string}"},"query-input":{"@type":"PropertyValueSpecification","valueRequired":true,"valueName":"search_term_string"}}],"inLanguage":"vi-VN"}]}},"_links":{"self":[{"href":"https:\/\/everythingtrading.com\/vi\/wp-json\/wp\/v2\/pages\/84684","targetHints":{"allow":["GET"]}}],"collection":[{"href":"https:\/\/everythingtrading.com\/vi\/wp-json\/wp\/v2\/pages"}],"about":[{"href":"https:\/\/everythingtrading.com\/vi\/wp-json\/wp\/v2\/types\/page"}],"author":[{"embeddable":true,"href":"https:\/\/everythingtrading.com\/vi\/wp-json\/wp\/v2\/users\/141"}],"replies":[{"embeddable":true,"href":"https:\/\/everythingtrading.com\/vi\/wp-json\/wp\/v2\/comments?post=84684"}],"version-history":[{"count":0,"href":"https:\/\/everythingtrading.com\/vi\/wp-json\/wp\/v2\/pages\/84684\/revisions"}],"wp:attachment":[{"href":"https:\/\/everythingtrading.com\/vi\/wp-json\/wp\/v2\/media?parent=84684"}],"curies":[{"name":"wp","href":"https:\/\/api.w.org\/{rel}","templated":true}]}}